{"id":9889,"date":"2017-10-26T12:23:11","date_gmt":"2017-10-26T09:23:11","guid":{"rendered":"https:\/\/plusstand.com\/referanslar\/bicakcilar-2016-ekspomed-fuari\/"},"modified":"2020-05-29T21:14:43","modified_gmt":"2020-05-29T18:14:43","slug":"bicakcilar-2016-ekspomed-fuari","status":"publish","type":"product","link":"https:\/\/plusstand.com\/en\/referanslar\/bicakcilar-2016-ekspomed-fuari\/","title":{"rendered":"B\u0131\u00e7ak\u00e7\u0131lar 2016 Ekspomed Fair"},"content":{"rendered":"","protected":false},"excerpt":{"rendered":"","protected":false},"featured_media":9890,"template":"","meta":[],"product_brand":[],"product_cat":[1111],"product_tag":[1455],"class_list":{"0":"post-9889","1":"product","2":"type-product","3":"status-publish","4":"has-post-thumbnail","6":"product_cat-exhibition-stands","7":"product_tag-bicakcilar-2016-ekspomed-fuari-en","9":"first","10":"instock","11":"shipping-taxable","12":"product-type-simple"},"_links":{"self":[{"href":"https:\/\/plusstand.com\/en\/wp-json\/wp\/v2\/product\/9889","targetHints":{"allow":["GET"]}}],"collection":[{"href":"https:\/\/plusstand.com\/en\/wp-json\/wp\/v2\/product"}],"about":[{"href":"https:\/\/plusstand.com\/en\/wp-json\/wp\/v2\/types\/product"}],"wp:featuredmedia":[{"embeddable":true,"href":"https:\/\/plusstand.com\/en\/wp-json\/wp\/v2\/media\/9890"}],"wp:attachment":[{"href":"https:\/\/plusstand.com\/en\/wp-json\/wp\/v2\/media?parent=9889"}],"wp:term":[{"taxonomy":"product_brand","embeddable":true,"href":"https:\/\/plusstand.com\/en\/wp-json\/wp\/v2\/product_brand?post=9889"},{"taxonomy":"product_cat","embeddable":true,"href":"https:\/\/plusstand.com\/en\/wp-json\/wp\/v2\/product_cat?post=9889"},{"taxonomy":"product_tag","embeddable":true,"href":"https:\/\/plusstand.com\/en\/wp-json\/wp\/v2\/product_tag?post=9889"}],"curies":[{"name":"wp","href":"https:\/\/api.w.org\/{rel}","templated":true}]}}