{"id":9711,"date":"2017-11-01T07:35:05","date_gmt":"2017-11-01T07:35:05","guid":{"rendered":"https:\/\/plusstand.com\/referanslar\/ilbak-holding-ilan-marble-2017-blok-mermer-fuari-bursa\/"},"modified":"2025-06-30T17:27:37","modified_gmt":"2025-06-30T14:27:37","slug":"ilbak-holding-ilan-marble-2017-blok-mermer-fuari-bursa","status":"publish","type":"product","link":"https:\/\/plusstand.com\/en\/referanslar\/ilbak-holding-ilan-marble-2017-blok-mermer-fuari-bursa\/","title":{"rendered":"\u0130lbak Holding \u0130lan Marble 2017 Blok Mermer Fuar\u0131 Bursa"},"content":{"rendered":"","protected":false},"excerpt":{"rendered":"","protected":false},"featured_media":9713,"template":"","meta":[],"product_brand":[],"product_cat":[1111],"product_tag":[1394,1244,1245],"class_list":{"0":"post-9711","1":"product","2":"type-product","3":"status-publish","4":"has-post-thumbnail","6":"product_cat-exhibition-stands","7":"product_tag-2017-blok-mermer-fuari-en","8":"product_tag-ilbak-holding-en","9":"product_tag-ilbak-holding-ilan-marble-2017-blok-mermer-fuari-bursa-en","11":"first","12":"instock","13":"shipping-taxable","14":"product-type-simple"},"_links":{"self":[{"href":"https:\/\/plusstand.com\/en\/wp-json\/wp\/v2\/product\/9711","targetHints":{"allow":["GET"]}}],"collection":[{"href":"https:\/\/plusstand.com\/en\/wp-json\/wp\/v2\/product"}],"about":[{"href":"https:\/\/plusstand.com\/en\/wp-json\/wp\/v2\/types\/product"}],"wp:featuredmedia":[{"embeddable":true,"href":"https:\/\/plusstand.com\/en\/wp-json\/wp\/v2\/media\/9713"}],"wp:attachment":[{"href":"https:\/\/plusstand.com\/en\/wp-json\/wp\/v2\/media?parent=9711"}],"wp:term":[{"taxonomy":"product_brand","embeddable":true,"href":"https:\/\/plusstand.com\/en\/wp-json\/wp\/v2\/product_brand?post=9711"},{"taxonomy":"product_cat","embeddable":true,"href":"https:\/\/plusstand.com\/en\/wp-json\/wp\/v2\/product_cat?post=9711"},{"taxonomy":"product_tag","embeddable":true,"href":"https:\/\/plusstand.com\/en\/wp-json\/wp\/v2\/product_tag?post=9711"}],"curies":[{"name":"wp","href":"https:\/\/api.w.org\/{rel}","templated":true}]}}