{"id":9693,"date":"2017-11-03T13:56:47","date_gmt":"2017-11-03T13:56:47","guid":{"rendered":"https:\/\/plusstand.com\/referanslar\/is-yatirim-2017-ankara-forexpo\/"},"modified":"2017-11-03T13:56:47","modified_gmt":"2017-11-03T13:56:47","slug":"is-yatirim-2017-ankara-forexpo","status":"publish","type":"product","link":"https:\/\/plusstand.com\/en\/referanslar\/is-yatirim-2017-ankara-forexpo\/","title":{"rendered":"\u0130\u015f Yat\u0131r\u0131m 2017 Ankara Forexpo"},"content":{"rendered":"","protected":false},"excerpt":{"rendered":"","protected":false},"featured_media":9695,"template":"","meta":[],"product_brand":[],"product_cat":[1126],"product_tag":[1168,1381,1382,1383,1323],"class_list":{"0":"post-9693","1":"product","2":"type-product","3":"status-publish","4":"has-post-thumbnail","6":"product_cat-congress-stands","7":"product_tag-anasayfa-en","8":"product_tag-forexpo-is-yatirim-en","9":"product_tag-is-yatirim-en","10":"product_tag-is-yatirim-forexpo-stand-en","11":"product_tag-kongre-standlari-en","13":"first","14":"instock","15":"shipping-taxable","16":"product-type-simple"},"_links":{"self":[{"href":"https:\/\/plusstand.com\/en\/wp-json\/wp\/v2\/product\/9693","targetHints":{"allow":["GET"]}}],"collection":[{"href":"https:\/\/plusstand.com\/en\/wp-json\/wp\/v2\/product"}],"about":[{"href":"https:\/\/plusstand.com\/en\/wp-json\/wp\/v2\/types\/product"}],"wp:featuredmedia":[{"embeddable":true,"href":"https:\/\/plusstand.com\/en\/wp-json\/wp\/v2\/media\/9695"}],"wp:attachment":[{"href":"https:\/\/plusstand.com\/en\/wp-json\/wp\/v2\/media?parent=9693"}],"wp:term":[{"taxonomy":"product_brand","embeddable":true,"href":"https:\/\/plusstand.com\/en\/wp-json\/wp\/v2\/product_brand?post=9693"},{"taxonomy":"product_cat","embeddable":true,"href":"https:\/\/plusstand.com\/en\/wp-json\/wp\/v2\/product_cat?post=9693"},{"taxonomy":"product_tag","embeddable":true,"href":"https:\/\/plusstand.com\/en\/wp-json\/wp\/v2\/product_tag?post=9693"}],"curies":[{"name":"wp","href":"https:\/\/api.w.org\/{rel}","templated":true}]}}