{"id":9638,"date":"2017-11-29T13:35:05","date_gmt":"2017-11-29T10:35:05","guid":{"rendered":"https:\/\/plusstand.com\/referanslar\/ps-002-02-3x4\/"},"modified":"2020-05-29T19:31:59","modified_gmt":"2020-05-29T16:31:59","slug":"ps-002-02-3x4","status":"publish","type":"product","link":"https:\/\/plusstand.com\/en\/referanslar\/ps-002-02-3x4\/","title":{"rendered":"Two Sided 3&#215;4 Package Stand"},"content":{"rendered":"[:tr]<strong>Stand \u00d6zellikleri<\/strong><\/p>\n<ul>\n<li><strong>Cephesi<\/strong>: Bir cephesi a\u00e7\u0131k<\/li>\n<li><strong>Stand Boyutu<\/strong>: 3mx4m<\/li>\n<li><strong>Y\u00fckseklik<\/strong>: 3m<\/li>\n<\/ul>\n[:]\n","protected":false},"excerpt":{"rendered":"[:tr]<strong>Stand Kodu: PS-002-02-3&#215;4<\/strong><\/p>\n<p>Fiyatlar \u0130stanbul i\u00e7i kurulumlarda ge\u00e7erlidir. \u0130stanbul d\u0131\u015f\u0131 kurulumlar i\u00e7in l\u00fctfen yetkilimizle ileti\u015fime ge\u00e7iniz.<\/p>\n<p><strong>Telefon: <a href=\"tel:+902122332424\">+90 212 233 24 24<\/a><\/strong><\/p>\n[:]\n","protected":false},"featured_media":9639,"template":"","meta":[],"product_brand":[],"product_cat":[1125],"product_tag":[1344,1345,1340,1145,1172,1184],"class_list":{"0":"post-9638","1":"product","2":"type-product","3":"status-publish","4":"has-post-thumbnail","6":"product_cat-stand-packs","7":"product_tag-iki-cepheli-stand-en","8":"product_tag-iki-cephesi-acik-stand-en","9":"product_tag-kiralik-kongre-standi-en","10":"product_tag-kiralik-stand-en","11":"product_tag-moduler-kiralik-en","12":"product_tag-moduler-stand-en","14":"first","15":"instock","16":"shipping-taxable","17":"product-type-simple"},"_links":{"self":[{"href":"https:\/\/plusstand.com\/en\/wp-json\/wp\/v2\/product\/9638","targetHints":{"allow":["GET"]}}],"collection":[{"href":"https:\/\/plusstand.com\/en\/wp-json\/wp\/v2\/product"}],"about":[{"href":"https:\/\/plusstand.com\/en\/wp-json\/wp\/v2\/types\/product"}],"wp:featuredmedia":[{"embeddable":true,"href":"https:\/\/plusstand.com\/en\/wp-json\/wp\/v2\/media\/9639"}],"wp:attachment":[{"href":"https:\/\/plusstand.com\/en\/wp-json\/wp\/v2\/media?parent=9638"}],"wp:term":[{"taxonomy":"product_brand","embeddable":true,"href":"https:\/\/plusstand.com\/en\/wp-json\/wp\/v2\/product_brand?post=9638"},{"taxonomy":"product_cat","embeddable":true,"href":"https:\/\/plusstand.com\/en\/wp-json\/wp\/v2\/product_cat?post=9638"},{"taxonomy":"product_tag","embeddable":true,"href":"https:\/\/plusstand.com\/en\/wp-json\/wp\/v2\/product_tag?post=9638"}],"curies":[{"name":"wp","href":"https:\/\/api.w.org\/{rel}","templated":true}]}}