{"id":9617,"date":"2017-12-04T15:46:48","date_gmt":"2017-12-04T12:46:48","guid":{"rendered":"https:\/\/plusstand.com\/referanslar\/ps-006-01-45-3x3\/"},"modified":"2020-05-29T19:26:11","modified_gmt":"2020-05-29T16:26:11","slug":"ps-006-01-45-3x3","status":"publish","type":"product","link":"https:\/\/plusstand.com\/en\/referanslar\/ps-006-01-45-3x3\/","title":{"rendered":"One Sided 3&#215;3 Package Stand"},"content":{"rendered":"[:tr]<strong>Stand \u00d6zellikleri<\/strong><\/p>\n<ul>\n<li><strong>Cephesi<\/strong>: Bir cephesi a\u00e7\u0131k<\/li>\n<li><strong>Stand Boyutu<\/strong>: 3mx3m<\/li>\n<li><strong>Y\u00fckseklik<\/strong>: 3m<\/li>\n<\/ul>\n[:]\n","protected":false},"excerpt":{"rendered":"[:tr]<strong>Stand Kodu: Ps-006-01-3&#215;3<\/strong><\/p>\n<p>Fiyatlar \u0130stanbul i\u00e7i kurulumlarda ge\u00e7erlidir. \u0130stanbul d\u0131\u015f\u0131 kurulumlar i\u00e7in l\u00fctfen yetkilimizle ileti\u015fime ge\u00e7iniz.<\/p>\n<p><strong>Telefon: <a href=\"tel:+902122332424\">+90 212 233 24 24<\/a><\/strong><\/p>\n[:]\n","protected":false},"featured_media":9619,"template":"","meta":[],"product_brand":[],"product_cat":[1125],"product_tag":[1183,1171,1203,1199,1337,1174,1338],"class_list":{"0":"post-9617","1":"product","2":"type-product","3":"status-publish","4":"has-post-thumbnail","6":"product_cat-stand-packs","7":"product_tag-kiralik-paket-stand-en","8":"product_tag-kongre-standi-en","9":"product_tag-moduler-fuar-standi-en","10":"product_tag-moduler-kiralik-stand-en","11":"product_tag-plusstand-paket-en","12":"product_tag-tek-cepheli-stand-en","13":"product_tag-tek-cephesi-acik-stand-en","15":"first","16":"instock","17":"shipping-taxable","18":"product-type-simple"},"_links":{"self":[{"href":"https:\/\/plusstand.com\/en\/wp-json\/wp\/v2\/product\/9617","targetHints":{"allow":["GET"]}}],"collection":[{"href":"https:\/\/plusstand.com\/en\/wp-json\/wp\/v2\/product"}],"about":[{"href":"https:\/\/plusstand.com\/en\/wp-json\/wp\/v2\/types\/product"}],"wp:featuredmedia":[{"embeddable":true,"href":"https:\/\/plusstand.com\/en\/wp-json\/wp\/v2\/media\/9619"}],"wp:attachment":[{"href":"https:\/\/plusstand.com\/en\/wp-json\/wp\/v2\/media?parent=9617"}],"wp:term":[{"taxonomy":"product_brand","embeddable":true,"href":"https:\/\/plusstand.com\/en\/wp-json\/wp\/v2\/product_brand?post=9617"},{"taxonomy":"product_cat","embeddable":true,"href":"https:\/\/plusstand.com\/en\/wp-json\/wp\/v2\/product_cat?post=9617"},{"taxonomy":"product_tag","embeddable":true,"href":"https:\/\/plusstand.com\/en\/wp-json\/wp\/v2\/product_tag?post=9617"}],"curies":[{"name":"wp","href":"https:\/\/api.w.org\/{rel}","templated":true}]}}