{"id":9580,"date":"2017-12-07T07:24:19","date_gmt":"2017-12-07T04:24:19","guid":{"rendered":"https:\/\/plusstand.com\/referanslar\/ps-016-03-2x10\/"},"modified":"2020-05-29T19:13:18","modified_gmt":"2020-05-29T16:13:18","slug":"ps-016-03-2x10","status":"publish","type":"product","link":"https:\/\/plusstand.com\/en\/referanslar\/ps-016-03-2x10\/","title":{"rendered":"Three Sided 2&#215;10 Package Stand"},"content":{"rendered":"[:tr]<strong>Stand \u00d6zellikleri<\/strong><\/p>\n<ul>\n<li><strong>Cephesi<\/strong>: \u00dc\u00e7 cephesi a\u00e7\u0131k<\/li>\n<li><strong>Stand Boyutu<\/strong>: 2mx10m<\/li>\n<li><strong>Y\u00fckseklik<\/strong>: 3m<\/li>\n<\/ul>\n[:]\n","protected":false},"excerpt":{"rendered":"[:tr]<strong>Stand Kodu:Ps-016-03-2&#215;10\u00a0<\/strong><\/p>\n<p>Fiyatlar \u0130stanbul i\u00e7i kurulumlarda ge\u00e7erlidir. \u0130stanbul d\u0131\u015f\u0131 kurulumlar i\u00e7in l\u00fctfen yetkilimizle ileti\u015fime ge\u00e7iniz.<\/p>\n<p><strong>Telefon: <a href=\"tel:+902122332424\">+90 212 233 24 24<\/a><\/strong><\/p>\n[:]\n","protected":false},"featured_media":9581,"template":"","meta":[],"product_brand":[],"product_cat":[1125],"product_tag":[1201,1183,1203,1220,1188,1176],"class_list":{"0":"post-9580","1":"product","2":"type-product","3":"status-publish","4":"has-post-thumbnail","6":"product_cat-stand-packs","7":"product_tag-kiralik-moduler-kongre-en","8":"product_tag-kiralik-paket-stand-en","9":"product_tag-moduler-fuar-standi-en","10":"product_tag-moduler-paket-stand-en","11":"product_tag-paket-stand-en","12":"product_tag-uc-cephesi-acik-en","14":"first","15":"instock","16":"shipping-taxable","17":"product-type-simple"},"_links":{"self":[{"href":"https:\/\/plusstand.com\/en\/wp-json\/wp\/v2\/product\/9580","targetHints":{"allow":["GET"]}}],"collection":[{"href":"https:\/\/plusstand.com\/en\/wp-json\/wp\/v2\/product"}],"about":[{"href":"https:\/\/plusstand.com\/en\/wp-json\/wp\/v2\/types\/product"}],"wp:featuredmedia":[{"embeddable":true,"href":"https:\/\/plusstand.com\/en\/wp-json\/wp\/v2\/media\/9581"}],"wp:attachment":[{"href":"https:\/\/plusstand.com\/en\/wp-json\/wp\/v2\/media?parent=9580"}],"wp:term":[{"taxonomy":"product_brand","embeddable":true,"href":"https:\/\/plusstand.com\/en\/wp-json\/wp\/v2\/product_brand?post=9580"},{"taxonomy":"product_cat","embeddable":true,"href":"https:\/\/plusstand.com\/en\/wp-json\/wp\/v2\/product_cat?post=9580"},{"taxonomy":"product_tag","embeddable":true,"href":"https:\/\/plusstand.com\/en\/wp-json\/wp\/v2\/product_tag?post=9580"}],"curies":[{"name":"wp","href":"https:\/\/api.w.org\/{rel}","templated":true}]}}