{"id":9576,"date":"2017-12-07T07:27:15","date_gmt":"2017-12-07T04:27:15","guid":{"rendered":"https:\/\/plusstand.com\/referanslar\/tek-cepheli-4mx8m-paket-stand\/"},"modified":"2020-05-29T19:14:28","modified_gmt":"2020-05-29T16:14:28","slug":"tek-cepheli-4mx8m-paket-stand","status":"publish","type":"product","link":"https:\/\/plusstand.com\/en\/referanslar\/tek-cepheli-4mx8m-paket-stand\/","title":{"rendered":"One Sided 4&#215;8 Package Stand"},"content":{"rendered":"[:tr]<strong>Stand \u00d6zellikleri<\/strong><\/p>\n<ul>\n<li><strong>Cephesi<\/strong>: Bir cephesi a\u00e7\u0131k<\/li>\n<li><strong>Stand Boyutu<\/strong>: 4mx8m<\/li>\n<li><strong>Y\u00fckseklik<\/strong>: 3m<\/li>\n<\/ul>\n[:]\n","protected":false},"excerpt":{"rendered":"[:tr]\n<h4><strong>Stand Kodu:\u00a0PS-017-01-4&#215;8<\/strong><\/h4>\n<p>Fiyatlar \u0130stanbul i\u00e7i kurulumlarda ge\u00e7erlidir. \u0130stanbul d\u0131\u015f\u0131 kurulumlar i\u00e7in l\u00fctfen yetkilimizle ileti\u015fime ge\u00e7iniz.<\/p>\n<h4><strong>Telefon: <\/strong><a href=\"tel:+902122332424\"><strong>+90 212 233 24 24<\/strong><\/a><\/h4>\n[:]\n","protected":false},"featured_media":9577,"template":"","meta":[],"product_brand":[],"product_cat":[1125],"product_tag":[1332,1201,1183,1220,1188,1174],"class_list":{"0":"post-9576","1":"product","2":"type-product","3":"status-publish","4":"has-post-thumbnail","6":"product_cat-stand-packs","7":"product_tag-bir-cephesi-acik-en","8":"product_tag-kiralik-moduler-kongre-en","9":"product_tag-kiralik-paket-stand-en","10":"product_tag-moduler-paket-stand-en","11":"product_tag-paket-stand-en","12":"product_tag-tek-cepheli-stand-en","14":"first","15":"instock","16":"shipping-taxable","17":"product-type-simple"},"_links":{"self":[{"href":"https:\/\/plusstand.com\/en\/wp-json\/wp\/v2\/product\/9576","targetHints":{"allow":["GET"]}}],"collection":[{"href":"https:\/\/plusstand.com\/en\/wp-json\/wp\/v2\/product"}],"about":[{"href":"https:\/\/plusstand.com\/en\/wp-json\/wp\/v2\/types\/product"}],"wp:featuredmedia":[{"embeddable":true,"href":"https:\/\/plusstand.com\/en\/wp-json\/wp\/v2\/media\/9577"}],"wp:attachment":[{"href":"https:\/\/plusstand.com\/en\/wp-json\/wp\/v2\/media?parent=9576"}],"wp:term":[{"taxonomy":"product_brand","embeddable":true,"href":"https:\/\/plusstand.com\/en\/wp-json\/wp\/v2\/product_brand?post=9576"},{"taxonomy":"product_cat","embeddable":true,"href":"https:\/\/plusstand.com\/en\/wp-json\/wp\/v2\/product_cat?post=9576"},{"taxonomy":"product_tag","embeddable":true,"href":"https:\/\/plusstand.com\/en\/wp-json\/wp\/v2\/product_tag?post=9576"}],"curies":[{"name":"wp","href":"https:\/\/api.w.org\/{rel}","templated":true}]}}