{"id":9217,"date":"2020-05-27T15:50:33","date_gmt":"2020-05-27T12:50:33","guid":{"rendered":"https:\/\/plusstand.com\/?post_type=product&#038;p=9217"},"modified":"2020-05-29T18:17:13","modified_gmt":"2020-05-29T15:17:13","slug":"atu-2015-sakip-sabanci-museum","status":"publish","type":"product","link":"https:\/\/plusstand.com\/en\/referanslar\/atu-2015-sakip-sabanci-museum\/","title":{"rendered":"At\u00fc 2015 Sak\u0131p Sabanc\u0131 Museum"},"content":{"rendered":"","protected":false},"excerpt":{"rendered":"","protected":false},"featured_media":9218,"template":"","meta":[],"product_brand":[],"product_cat":[1112],"product_tag":[1117,1114,1113],"class_list":{"0":"post-9217","1":"product","2":"type-product","3":"status-publish","4":"has-post-thumbnail","6":"product_cat-modular-dividers","7":"product_tag-modular-dividers","8":"product_tag-modular-separator","9":"product_tag-modular-spaces","11":"first","12":"instock","13":"shipping-taxable","14":"product-type-simple"},"_links":{"self":[{"href":"https:\/\/plusstand.com\/en\/wp-json\/wp\/v2\/product\/9217","targetHints":{"allow":["GET"]}}],"collection":[{"href":"https:\/\/plusstand.com\/en\/wp-json\/wp\/v2\/product"}],"about":[{"href":"https:\/\/plusstand.com\/en\/wp-json\/wp\/v2\/types\/product"}],"wp:featuredmedia":[{"embeddable":true,"href":"https:\/\/plusstand.com\/en\/wp-json\/wp\/v2\/media\/9218"}],"wp:attachment":[{"href":"https:\/\/plusstand.com\/en\/wp-json\/wp\/v2\/media?parent=9217"}],"wp:term":[{"taxonomy":"product_brand","embeddable":true,"href":"https:\/\/plusstand.com\/en\/wp-json\/wp\/v2\/product_brand?post=9217"},{"taxonomy":"product_cat","embeddable":true,"href":"https:\/\/plusstand.com\/en\/wp-json\/wp\/v2\/product_cat?post=9217"},{"taxonomy":"product_tag","embeddable":true,"href":"https:\/\/plusstand.com\/en\/wp-json\/wp\/v2\/product_tag?post=9217"}],"curies":[{"name":"wp","href":"https:\/\/api.w.org\/{rel}","templated":true}]}}