{"id":13412,"date":"2024-05-31T17:09:34","date_gmt":"2024-05-31T14:09:34","guid":{"rendered":"https:\/\/plusstand.com\/referanslar\/my-vodafone-business-partner-is-ready-for-tomorrow\/"},"modified":"2024-05-31T17:09:34","modified_gmt":"2024-05-31T14:09:34","slug":"my-vodafone-business-partner-is-ready-for-tomorrow","status":"publish","type":"product","link":"https:\/\/plusstand.com\/en\/referanslar\/my-vodafone-business-partner-is-ready-for-tomorrow\/","title":{"rendered":"My Vodafone Business Partner is Ready for Tomorrow"},"content":{"rendered":"<div class=\"video video-fit mb\" style=\"padding-top:56.25%;\"><p><iframe loading=\"lazy\" title=\"PlusStand - Vodafone \u0130\u015f Orta\u011f\u0131m Yar\u0131na Haz\u0131r\" width=\"1020\" height=\"574\" src=\"https:\/\/www.youtube.com\/embed\/JTNGo80RCAU?feature=oembed\" frameborder=\"0\" allow=\"accelerometer; autoplay; clipboard-write; encrypted-media; gyroscope; picture-in-picture; web-share\" referrerpolicy=\"strict-origin-when-cross-origin\" allowfullscreen><\/iframe><\/p>\n<\/div>\n","protected":false},"excerpt":{"rendered":"","protected":false},"featured_media":0,"template":"","meta":[],"product_brand":[],"product_cat":[2039],"product_tag":[2058,1141,2059],"class_list":{"0":"post-13412","1":"product","2":"type-product","3":"status-publish","5":"product_cat-news","6":"product_tag-my-vodafone-business-partner-is-ready-for-tomorrow","7":"product_tag-plusstand-en","8":"product_tag-plusstand-is-my-vodafone-business-partner","10":"first","11":"instock","12":"shipping-taxable","13":"product-type-simple"},"_links":{"self":[{"href":"https:\/\/plusstand.com\/en\/wp-json\/wp\/v2\/product\/13412","targetHints":{"allow":["GET"]}}],"collection":[{"href":"https:\/\/plusstand.com\/en\/wp-json\/wp\/v2\/product"}],"about":[{"href":"https:\/\/plusstand.com\/en\/wp-json\/wp\/v2\/types\/product"}],"wp:attachment":[{"href":"https:\/\/plusstand.com\/en\/wp-json\/wp\/v2\/media?parent=13412"}],"wp:term":[{"taxonomy":"product_brand","embeddable":true,"href":"https:\/\/plusstand.com\/en\/wp-json\/wp\/v2\/product_brand?post=13412"},{"taxonomy":"product_cat","embeddable":true,"href":"https:\/\/plusstand.com\/en\/wp-json\/wp\/v2\/product_cat?post=13412"},{"taxonomy":"product_tag","embeddable":true,"href":"https:\/\/plusstand.com\/en\/wp-json\/wp\/v2\/product_tag?post=13412"}],"curies":[{"name":"wp","href":"https:\/\/api.w.org\/{rel}","templated":true}]}}