{"id":10141,"date":"2017-10-26T14:51:38","date_gmt":"2017-10-26T14:51:38","guid":{"rendered":"https:\/\/plusstand.com\/referanslar\/bicakcilar-2015-mirc-marriot-hotel\/"},"modified":"2017-10-26T14:51:38","modified_gmt":"2017-10-26T14:51:38","slug":"bicakcilar-2015-mirc-marriot-hotel","status":"publish","type":"product","link":"https:\/\/plusstand.com\/en\/referanslar\/bicakcilar-2015-mirc-marriot-hotel\/","title":{"rendered":"B\u0131\u00e7ak\u00e7\u0131lar 2015 Mirc Marriot Hotel"},"content":{"rendered":"","protected":false},"excerpt":{"rendered":"","protected":false},"featured_media":10143,"template":"","meta":[],"product_brand":[],"product_cat":[1126],"product_tag":[1601],"class_list":{"0":"post-10141","1":"product","2":"type-product","3":"status-publish","4":"has-post-thumbnail","6":"product_cat-congress-stands","7":"product_tag-bicakcilar-2015-mirc-marriot-hotel-en","9":"first","10":"instock","11":"shipping-taxable","12":"product-type-simple"},"_links":{"self":[{"href":"https:\/\/plusstand.com\/en\/wp-json\/wp\/v2\/product\/10141","targetHints":{"allow":["GET"]}}],"collection":[{"href":"https:\/\/plusstand.com\/en\/wp-json\/wp\/v2\/product"}],"about":[{"href":"https:\/\/plusstand.com\/en\/wp-json\/wp\/v2\/types\/product"}],"wp:featuredmedia":[{"embeddable":true,"href":"https:\/\/plusstand.com\/en\/wp-json\/wp\/v2\/media\/10143"}],"wp:attachment":[{"href":"https:\/\/plusstand.com\/en\/wp-json\/wp\/v2\/media?parent=10141"}],"wp:term":[{"taxonomy":"product_brand","embeddable":true,"href":"https:\/\/plusstand.com\/en\/wp-json\/wp\/v2\/product_brand?post=10141"},{"taxonomy":"product_cat","embeddable":true,"href":"https:\/\/plusstand.com\/en\/wp-json\/wp\/v2\/product_cat?post=10141"},{"taxonomy":"product_tag","embeddable":true,"href":"https:\/\/plusstand.com\/en\/wp-json\/wp\/v2\/product_tag?post=10141"}],"curies":[{"name":"wp","href":"https:\/\/api.w.org\/{rel}","templated":true}]}}