{"id":10139,"date":"2017-10-26T14:58:01","date_gmt":"2017-10-26T14:58:01","guid":{"rendered":"https:\/\/plusstand.com\/referanslar\/bicakcilar-2017-2-tibbi-tedarik-zinciri-antalya-susesi-luxery-resort-12\/"},"modified":"2020-05-29T20:48:49","modified_gmt":"2020-05-29T17:48:49","slug":"bicakcilar-2017-2-tibbi-tedarik-zinciri-antalya-susesi-luxery-resort-12","status":"publish","type":"product","link":"https:\/\/plusstand.com\/en\/referanslar\/bicakcilar-2017-2-tibbi-tedarik-zinciri-antalya-susesi-luxery-resort-12\/","title":{"rendered":"B\u0131\u00e7ak\u00e7\u0131lar 2017 2.Medical Supply Congress Susesi Luxery Resort"},"content":{"rendered":"","protected":false},"excerpt":{"rendered":"","protected":false},"featured_media":10140,"template":"","meta":[],"product_brand":[],"product_cat":[1126],"product_tag":[1600],"class_list":{"0":"post-10139","1":"product","2":"type-product","3":"status-publish","4":"has-post-thumbnail","6":"product_cat-congress-stands","7":"product_tag-bicakcilar-2017-2-tibbi-tedarik-zinciri-antalya-susesi-luxery-resort-12-en","9":"first","10":"instock","11":"shipping-taxable","12":"product-type-simple"},"_links":{"self":[{"href":"https:\/\/plusstand.com\/en\/wp-json\/wp\/v2\/product\/10139","targetHints":{"allow":["GET"]}}],"collection":[{"href":"https:\/\/plusstand.com\/en\/wp-json\/wp\/v2\/product"}],"about":[{"href":"https:\/\/plusstand.com\/en\/wp-json\/wp\/v2\/types\/product"}],"wp:featuredmedia":[{"embeddable":true,"href":"https:\/\/plusstand.com\/en\/wp-json\/wp\/v2\/media\/10140"}],"wp:attachment":[{"href":"https:\/\/plusstand.com\/en\/wp-json\/wp\/v2\/media?parent=10139"}],"wp:term":[{"taxonomy":"product_brand","embeddable":true,"href":"https:\/\/plusstand.com\/en\/wp-json\/wp\/v2\/product_brand?post=10139"},{"taxonomy":"product_cat","embeddable":true,"href":"https:\/\/plusstand.com\/en\/wp-json\/wp\/v2\/product_cat?post=10139"},{"taxonomy":"product_tag","embeddable":true,"href":"https:\/\/plusstand.com\/en\/wp-json\/wp\/v2\/product_tag?post=10139"}],"curies":[{"name":"wp","href":"https:\/\/api.w.org\/{rel}","templated":true}]}}