{"id":10093,"date":"2015-10-26T16:44:22","date_gmt":"2015-10-26T13:44:22","guid":{"rendered":"https:\/\/plusstand.com\/referanslar\/atu-2015-sakip-sabanci-muzesi\/"},"modified":"2020-05-29T22:06:40","modified_gmt":"2020-05-29T19:06:40","slug":"atu-2015-sakip-sabanci-muzesi","status":"publish","type":"product","link":"https:\/\/plusstand.com\/en\/referanslar\/atu-2015-sakip-sabanci-muzesi\/","title":{"rendered":"At\u00fc 2015 Sak\u0131p Sabanc\u0131 Museum"},"content":{"rendered":"","protected":false},"excerpt":{"rendered":"","protected":false},"featured_media":10094,"template":"","meta":[],"product_brand":[],"product_cat":[1125],"product_tag":[1168,1578,1220,1188],"class_list":{"0":"post-10093","1":"product","2":"type-product","3":"status-publish","4":"has-post-thumbnail","6":"product_cat-stand-packs","7":"product_tag-anasayfa-en","8":"product_tag-atu-en","9":"product_tag-moduler-paket-stand-en","10":"product_tag-paket-stand-en","12":"first","13":"instock","14":"shipping-taxable","15":"product-type-simple"},"_links":{"self":[{"href":"https:\/\/plusstand.com\/en\/wp-json\/wp\/v2\/product\/10093","targetHints":{"allow":["GET"]}}],"collection":[{"href":"https:\/\/plusstand.com\/en\/wp-json\/wp\/v2\/product"}],"about":[{"href":"https:\/\/plusstand.com\/en\/wp-json\/wp\/v2\/types\/product"}],"wp:featuredmedia":[{"embeddable":true,"href":"https:\/\/plusstand.com\/en\/wp-json\/wp\/v2\/media\/10094"}],"wp:attachment":[{"href":"https:\/\/plusstand.com\/en\/wp-json\/wp\/v2\/media?parent=10093"}],"wp:term":[{"taxonomy":"product_brand","embeddable":true,"href":"https:\/\/plusstand.com\/en\/wp-json\/wp\/v2\/product_brand?post=10093"},{"taxonomy":"product_cat","embeddable":true,"href":"https:\/\/plusstand.com\/en\/wp-json\/wp\/v2\/product_cat?post=10093"},{"taxonomy":"product_tag","embeddable":true,"href":"https:\/\/plusstand.com\/en\/wp-json\/wp\/v2\/product_tag?post=10093"}],"curies":[{"name":"wp","href":"https:\/\/api.w.org\/{rel}","templated":true}]}}