{"id":10057,"date":"2017-12-07T06:42:00","date_gmt":"2017-12-07T03:42:00","guid":{"rendered":"https:\/\/plusstand.com\/referanslar\/ps-007-02-3x3\/"},"modified":"2020-05-29T19:25:06","modified_gmt":"2020-05-29T16:25:06","slug":"ps-007-02-3x3","status":"publish","type":"product","link":"https:\/\/plusstand.com\/en\/referanslar\/ps-007-02-3x3\/","title":{"rendered":"Two Sided 3&#215;3 Package Stand"},"content":{"rendered":"[:tr]<strong>Stand \u00d6zellikleri<\/strong><\/p>\n<ul>\n<li><strong>Cephesi<\/strong>: \u0130ki cephesi a\u00e7\u0131k<\/li>\n<li><strong>Stand Boyutu<\/strong>: 3mx3m<\/li>\n<li><strong>Y\u00fckseklik<\/strong>: 3m<\/li>\n<\/ul>\n[:]\n","protected":false},"excerpt":{"rendered":"[:tr]\n<ul>\n<li><strong>Stand Kodu: Ps-007-02-3&#215;3<\/strong><\/li>\n<li>Fiyatlar \u0130stanbul i\u00e7i kurulumlarda ge\u00e7erlidir. \u0130stanbul d\u0131\u015f\u0131 kurulumlar i\u00e7in l\u00fctfen yetkilimizle ileti\u015fime ge\u00e7iniz.<\/li>\n<li><strong>Telefon: <a href=\"tel:+902122332424\">+90 212 233 24 24<\/a><\/strong><\/li>\n<\/ul>\n[:]\n","protected":false},"featured_media":10058,"template":"","meta":[],"product_brand":[],"product_cat":[1125],"product_tag":[1168,1344,1345,1183,1199,1188],"class_list":{"0":"post-10057","1":"product","2":"type-product","3":"status-publish","4":"has-post-thumbnail","6":"product_cat-stand-packs","7":"product_tag-anasayfa-en","8":"product_tag-iki-cepheli-stand-en","9":"product_tag-iki-cephesi-acik-stand-en","10":"product_tag-kiralik-paket-stand-en","11":"product_tag-moduler-kiralik-stand-en","12":"product_tag-paket-stand-en","14":"first","15":"instock","16":"shipping-taxable","17":"product-type-simple"},"_links":{"self":[{"href":"https:\/\/plusstand.com\/en\/wp-json\/wp\/v2\/product\/10057","targetHints":{"allow":["GET"]}}],"collection":[{"href":"https:\/\/plusstand.com\/en\/wp-json\/wp\/v2\/product"}],"about":[{"href":"https:\/\/plusstand.com\/en\/wp-json\/wp\/v2\/types\/product"}],"wp:featuredmedia":[{"embeddable":true,"href":"https:\/\/plusstand.com\/en\/wp-json\/wp\/v2\/media\/10058"}],"wp:attachment":[{"href":"https:\/\/plusstand.com\/en\/wp-json\/wp\/v2\/media?parent=10057"}],"wp:term":[{"taxonomy":"product_brand","embeddable":true,"href":"https:\/\/plusstand.com\/en\/wp-json\/wp\/v2\/product_brand?post=10057"},{"taxonomy":"product_cat","embeddable":true,"href":"https:\/\/plusstand.com\/en\/wp-json\/wp\/v2\/product_cat?post=10057"},{"taxonomy":"product_tag","embeddable":true,"href":"https:\/\/plusstand.com\/en\/wp-json\/wp\/v2\/product_tag?post=10057"}],"curies":[{"name":"wp","href":"https:\/\/api.w.org\/{rel}","templated":true}]}}