{"id":12158,"date":"2024-05-31T16:46:26","date_gmt":"2024-05-31T13:46:26","guid":{"rendered":"https:\/\/plusstand.com\/about-us\/"},"modified":"2024-05-31T17:21:47","modified_gmt":"2024-05-31T14:21:47","slug":"about-us","status":"publish","type":"page","link":"https:\/\/plusstand.com\/en\/about-us\/","title":{"rendered":"About Us"},"content":{"rendered":"\n\n\t<section class=\"section\" id=\"section_969226710\">\n\t\t<div class=\"section-bg fill\" >\n\t\t\t\t\t\t\t\t\t<div class=\"section-bg-overlay absolute fill\"><\/div>\n\t\t\t\n\n\t\t<\/div>\n\n\t\t\n\n\t\t<div class=\"section-content relative\">\n\t\t\t\n\n<div class=\"row row-collapse row-full-width align-center\"  id=\"row-258910348\">\n\n\n\t<div id=\"col-1163741347\" class=\"col large-12\"  >\n\t\t\t\t<div class=\"col-inner\"  >\n\t\t\t\n\t\t\t\n\n\t<div id=\"gap-1581549241\" class=\"gap-element clearfix\" style=\"display:block; height:auto;\">\n\t\t\n<style>\n#gap-1581549241 {\n  padding-top: 40px;\n}\n<\/style>\n\t<\/div>\n\t\n\n\n\t\t<\/div>\n\t\t\t\t\t<\/div>\n\n\t\n\n<\/div>\n\t<div id=\"gap-363126344\" class=\"gap-element clearfix\" style=\"display:block; height:auto;\">\n\t\t\n<style>\n#gap-363126344 {\n  padding-top: 20px;\n}\n<\/style>\n\t<\/div>\n\t\n\n\n\t\t<\/div>\n\n\t\t\n<style>\n#section_969226710 {\n  padding-top: 0px;\n  padding-bottom: 0px;\n  background-color: rgb(193, 193, 193);\n}\n#section_969226710 .section-bg-overlay {\n  background-color: rgba(255, 255, 255, 0.85);\n}\n<\/style>\n\t<\/section>\n\t\n\n\t<section class=\"section\" id=\"section_1619010760\">\n\t\t<div class=\"section-bg fill\" >\n\t\t\t\t\t\t\t\t\t\n\t\t\t\n\n\t\t<\/div>\n\n\t\t\n\n\t\t<div class=\"section-content relative\">\n\t\t\t\n\n<div class=\"row\"  id=\"row-649937075\">\n\n\n\t<div id=\"col-891288421\" class=\"col medium-6 small-12 large-6\"  >\n\t\t\t\t<div class=\"col-inner\"  >\n\t\t\t\n\t\t\t\n\n\t<div class=\"img has-hover x md-x lg-x y md-y lg-y\" id=\"image_1225692635\">\n\t\t\t\t\t\t\t\t<div class=\"img-inner dark\" >\n\t\t\t<img loading=\"lazy\" decoding=\"async\" width=\"500\" height=\"281\" src=\"https:\/\/plusstand.com\/wp-content\/uploads\/2020\/05\/3Vodafone-\u0130\u015f-Orta\u011f\u0131m-Plus-Stand_Moment-1024x576.jpg\" class=\"attachment-large size-large\" alt=\"\" srcset=\"https:\/\/plusstand.com\/wp-content\/uploads\/2020\/05\/3Vodafone-\u0130\u015f-Orta\u011f\u0131m-Plus-Stand_Moment-1024x576.jpg 1024w, https:\/\/plusstand.com\/wp-content\/uploads\/2020\/05\/3Vodafone-\u0130\u015f-Orta\u011f\u0131m-Plus-Stand_Moment-300x169.jpg 300w, https:\/\/plusstand.com\/wp-content\/uploads\/2020\/05\/3Vodafone-\u0130\u015f-Orta\u011f\u0131m-Plus-Stand_Moment-768x432.jpg 768w, https:\/\/plusstand.com\/wp-content\/uploads\/2020\/05\/3Vodafone-\u0130\u015f-Orta\u011f\u0131m-Plus-Stand_Moment-500x281.jpg 500w, https:\/\/plusstand.com\/wp-content\/uploads\/2020\/05\/3Vodafone-\u0130\u015f-Orta\u011f\u0131m-Plus-Stand_Moment-1000x563.jpg 1000w, https:\/\/plusstand.com\/wp-content\/uploads\/2020\/05\/3Vodafone-\u0130\u015f-Orta\u011f\u0131m-Plus-Stand_Moment.jpg 1280w\" sizes=\"auto, (max-width: 500px) 100vw, 500px\" title=\"\">\t\t\t\t\t\t\n\t\t\t\t\t<\/div>\n\t\t\t\t\t\t\t\t\n<style>\n#image_1225692635 {\n  width: 100%;\n}\n<\/style>\n\t<\/div>\n\t\n\n\n\t\t<\/div>\n\t\t\t\t\t<\/div>\n\n\t\n\n\t<div id=\"col-1627205189\" class=\"col medium-6 small-12 large-6\"  >\n\t\t\t\t<div class=\"col-inner\"  >\n\t\t\t\n\t\t\t\n\n<p><span style=\"color: #333333;\">Our company was founded in 1997 by Architect Samim \u00d6zt\u00fcrk, a graduate of Y\u0131ld\u0131z Technical University. <\/span><\/p>\n<p><span style=\"color: #333333;\">After years of making special design stands as Mavi Architectural Design, he realized the Plusstand system together with his partners.<\/span><\/p>\n<p><span style=\"color: #333333;\"> Plusstand Mimari Tasar\u0131m A.\u015e. has been updated as the company name as the Plusstand brand name has taken precedence over the company name.<\/span><\/p>\n<p><span style=\"color: #333333;\">Over time, the name of the brand has become the name of the product. <\/span><\/p>\n<p> <\/p>\n\n\t\t<\/div>\n\t\t\t\t\t<\/div>\n\n\t\n\n<\/div>\n\n\t\t<\/div>\n\n\t\t\n<style>\n#section_1619010760 {\n  padding-top: 30px;\n  padding-bottom: 30px;\n}\n<\/style>\n\t<\/section>\n\t\n\n","protected":false},"excerpt":{"rendered":"","protected":false},"author":1,"featured_media":0,"parent":0,"menu_order":0,"comment_status":"closed","ping_status":"closed","template":"page-blank.php","meta":{"footnotes":""},"class_list":["post-12158","page","type-page","status-publish","hentry"],"_links":{"self":[{"href":"https:\/\/plusstand.com\/en\/wp-json\/wp\/v2\/pages\/12158","targetHints":{"allow":["GET"]}}],"collection":[{"href":"https:\/\/plusstand.com\/en\/wp-json\/wp\/v2\/pages"}],"about":[{"href":"https:\/\/plusstand.com\/en\/wp-json\/wp\/v2\/types\/page"}],"author":[{"embeddable":true,"href":"https:\/\/plusstand.com\/en\/wp-json\/wp\/v2\/users\/1"}],"replies":[{"embeddable":true,"href":"https:\/\/plusstand.com\/en\/wp-json\/wp\/v2\/comments?post=12158"}],"version-history":[{"count":3,"href":"https:\/\/plusstand.com\/en\/wp-json\/wp\/v2\/pages\/12158\/revisions"}],"predecessor-version":[{"id":14594,"href":"https:\/\/plusstand.com\/en\/wp-json\/wp\/v2\/pages\/12158\/revisions\/14594"}],"wp:attachment":[{"href":"https:\/\/plusstand.com\/en\/wp-json\/wp\/v2\/media?parent=12158"}],"curies":[{"name":"wp","href":"https:\/\/api.w.org\/{rel}","templated":true}]}}