{"id":12092,"date":"2024-05-31T16:41:01","date_gmt":"2024-05-31T13:41:01","guid":{"rendered":"https:\/\/plusstand.com\/our-team\/"},"modified":"2024-05-31T16:41:01","modified_gmt":"2024-05-31T13:41:01","slug":"our-team","status":"publish","type":"page","link":"https:\/\/plusstand.com\/en\/our-team\/","title":{"rendered":"Our Team"},"content":{"rendered":"\n\t<section class=\"section\" id=\"section_1461480887\">\n\t\t<div class=\"section-bg fill\" >\n\t\t\t\t\t\t\t\t\t<div class=\"section-bg-overlay absolute fill\"><\/div>\n\t\t\t\n\n\t\t<\/div>\n\n\t\t\n\n\t\t<div class=\"section-content relative\">\n\t\t\t\n<div class=\"row row-collapse row-full-width align-center\"  id=\"row-323073315\">\n\n\t<div id=\"col-973974761\" class=\"col medium-7 small-12 large-7\"  >\n\t\t\t\t<div class=\"col-inner text-center\"  >\n\t\t\t\n\t\t\t\n\t<div id=\"gap-1237091723\" class=\"gap-element clearfix\" style=\"display:block; height:auto;\">\n\t\t\n<style>\n#gap-1237091723 {\n  padding-top: 40px;\n}\n<\/style>\n\t<\/div>\n\t\n<h1 style=\"text-align: center;\"><span style=\"color: #333333; font-size: 100%;\">Our Team<\/span><\/h1>\n<p style=\"text-align: center;\"><span style=\"color: #333333;\">You can take a look at our team to get to know us better.<\/span><\/p>\n<p>\n\t<div id=\"gap-173378833\" class=\"gap-element clearfix\" style=\"display:block; height:auto;\">\n\t\t\n<style>\n#gap-173378833 {\n  padding-top: 20px;\n}\n<\/style>\n\t<\/div>\n\t\n\t\t<\/div>\n\t\t\t\t\t<\/div>\n\n\t\n<\/div>\n\t\t<\/div>\n\n\t\t\n<style>\n#section_1461480887 {\n  padding-top: 0px;\n  padding-bottom: 0px;\n  background-color: rgb(193, 193, 193);\n}\n#section_1461480887 .section-bg-overlay {\n  background-color: rgba(255, 255, 255, 0.85);\n}\n<\/style>\n\t<\/section>\n\t\n\n\t<section class=\"section\" id=\"section_706637653\">\n\t\t<div class=\"section-bg fill\" >\n\t\t\t\t\t\t\t\t\t\n\t\t\t\n\n\t\t<\/div>\n\n\t\t\n\n\t\t<div class=\"section-content relative\">\n\t\t\t\n<div class=\"row\"  id=\"row-201442450\">\n\n\t<div id=\"col-1978023931\" class=\"col medium-4 small-12 large-4\"  >\n\t\t\t\t<div class=\"col-inner\"  >\n\t\t\t\n\t\t\t\n\t<div class=\"img has-hover x md-x lg-x y md-y lg-y\" id=\"image_365938841\">\n\t\t\t\t\t\t\t\t<div class=\"img-inner box-shadow-2 dark\" >\n\t\t\t<img loading=\"lazy\" decoding=\"async\" width=\"290\" height=\"290\" src=\"https:\/\/plusstand.com\/wp-content\/uploads\/2017\/10\/plusstand-ekbimiz-4-1.jpg\" class=\"attachment-large size-large\" alt=\"\" srcset=\"https:\/\/plusstand.com\/wp-content\/uploads\/2017\/10\/plusstand-ekbimiz-4-1.jpg 290w, https:\/\/plusstand.com\/wp-content\/uploads\/2017\/10\/plusstand-ekbimiz-4-1-100x100.jpg 100w, https:\/\/plusstand.com\/wp-content\/uploads\/2017\/10\/plusstand-ekbimiz-4-1-150x150.jpg 150w\" sizes=\"auto, (max-width: 290px) 100vw, 290px\" title=\"\">\t\t\t\t\t\t\n\t\t\t\t\t<\/div>\n\t\t\t\t\t\t\t\t\n<style>\n#image_365938841 {\n  width: 100%;\n}\n<\/style>\n\t<\/div>\n\t\n<h1 style=\"font-weight: 300; font-size: 1.8em; text-align: center;\"><span style=\"color: #000;\">Samim \u00d6zt\u00fcrk<\/span><\/h1>\n\t\t<\/div>\n\t\t\t\t\t<\/div>\n\n\t\n\n\t<div id=\"col-587460024\" class=\"col medium-4 small-12 large-4\"  >\n\t\t\t\t<div class=\"col-inner\"  >\n\t\t\t\n\t\t\t\n\t<div class=\"img has-hover x md-x lg-x y md-y lg-y\" id=\"image_448935696\">\n\t\t\t\t\t\t\t\t<div class=\"img-inner box-shadow-2 dark\" >\n\t\t\t<img loading=\"lazy\" decoding=\"async\" width=\"290\" height=\"290\" src=\"https:\/\/plusstand.com\/wp-content\/uploads\/2017\/10\/plusstand-ekbimiz-3-1.jpg\" class=\"attachment-large size-large\" alt=\"\" srcset=\"https:\/\/plusstand.com\/wp-content\/uploads\/2017\/10\/plusstand-ekbimiz-3-1.jpg 290w, https:\/\/plusstand.com\/wp-content\/uploads\/2017\/10\/plusstand-ekbimiz-3-1-100x100.jpg 100w, https:\/\/plusstand.com\/wp-content\/uploads\/2017\/10\/plusstand-ekbimiz-3-1-150x150.jpg 150w\" sizes=\"auto, (max-width: 290px) 100vw, 290px\" title=\"\">\t\t\t\t\t\t\n\t\t\t\t\t<\/div>\n\t\t\t\t\t\t\t\t\n<style>\n#image_448935696 {\n  width: 100%;\n}\n<\/style>\n\t<\/div>\n\t\n<h1 style=\"font-weight: 300; font-size: 1.8em; text-align: center;\"><span style=\"color: #000;\">Sadi \u00d6zt\u00fcrk<\/span><\/h1>\n\t\t<\/div>\n\t\t\t\t\t<\/div>\n\n\t\n\n\t<div id=\"col-1065739644\" class=\"col medium-4 small-12 large-4\"  >\n\t\t\t\t<div class=\"col-inner\"  >\n\t\t\t\n\t\t\t\n\t<div class=\"img has-hover x md-x lg-x y md-y lg-y\" id=\"image_1178100522\">\n\t\t\t\t\t\t\t\t<div class=\"img-inner box-shadow-2 dark\" >\n\t\t\t<img loading=\"lazy\" decoding=\"async\" width=\"290\" height=\"290\" src=\"https:\/\/plusstand.com\/wp-content\/uploads\/2017\/10\/plusstand-ekibimiz-2.jpg\" class=\"attachment-large size-large\" alt=\"\" srcset=\"https:\/\/plusstand.com\/wp-content\/uploads\/2017\/10\/plusstand-ekibimiz-2.jpg 290w, https:\/\/plusstand.com\/wp-content\/uploads\/2017\/10\/plusstand-ekibimiz-2-100x100.jpg 100w, https:\/\/plusstand.com\/wp-content\/uploads\/2017\/10\/plusstand-ekibimiz-2-150x150.jpg 150w\" sizes=\"auto, (max-width: 290px) 100vw, 290px\" title=\"\">\t\t\t\t\t\t\n\t\t\t\t\t<\/div>\n\t\t\t\t\t\t\t\t\n<style>\n#image_1178100522 {\n  width: 100%;\n}\n<\/style>\n\t<\/div>\n\t\n<h1 style=\"font-weight: 300; font-size: 1.8em; text-align: center;\"><span style=\"color: #000;\">Saim \u00d6zt\u00fcrk<\/span><\/h1>\n\t\t<\/div>\n\t\t\t\t\t<\/div>\n\n\t\n<\/div>\n<div class=\"row\"  id=\"row-759652216\">\n\n\t<div id=\"col-1990367028\" class=\"col medium-4 small-12 large-4\"  >\n\t\t\t\t<div class=\"col-inner\"  >\n\t\t\t\n\t\t\t\n\t<div class=\"img has-hover x md-x lg-x y md-y lg-y\" id=\"image_185990000\">\n\t\t\t\t\t\t\t\t<div class=\"img-inner box-shadow-2 dark\" >\n\t\t\t<img loading=\"lazy\" decoding=\"async\" width=\"500\" height=\"500\" src=\"https:\/\/plusstand.com\/wp-content\/uploads\/2018\/10\/Gonca-Selda.jpg\" class=\"attachment-large size-large\" alt=\"\" srcset=\"https:\/\/plusstand.com\/wp-content\/uploads\/2018\/10\/Gonca-Selda.jpg 794w, https:\/\/plusstand.com\/wp-content\/uploads\/2018\/10\/Gonca-Selda-500x500.jpg 500w, https:\/\/plusstand.com\/wp-content\/uploads\/2018\/10\/Gonca-Selda-100x100.jpg 100w, https:\/\/plusstand.com\/wp-content\/uploads\/2018\/10\/Gonca-Selda-150x150.jpg 150w, https:\/\/plusstand.com\/wp-content\/uploads\/2018\/10\/Gonca-Selda-300x300.jpg 300w, https:\/\/plusstand.com\/wp-content\/uploads\/2018\/10\/Gonca-Selda-768x768.jpg 768w, https:\/\/plusstand.com\/wp-content\/uploads\/2018\/10\/Gonca-Selda-600x600.jpg 600w\" sizes=\"auto, (max-width: 500px) 100vw, 500px\" title=\"\">\t\t\t\t\t\t\n\t\t\t\t\t<\/div>\n\t\t\t\t\t\t\t\t\n<style>\n#image_185990000 {\n  width: 100%;\n}\n<\/style>\n\t<\/div>\n\t\n<h1 style=\"font-weight: 300; font-size: 1.8em; text-align: center;\"><span style=\"color: #000;\">Gonca \u00d6zt\u00fcrk<\/span><\/h1>\n\t\t<\/div>\n\t\t\t\t\t<\/div>\n\n\t\n\n\t<div id=\"col-1244101933\" class=\"col medium-4 small-12 large-4\"  >\n\t\t\t\t<div class=\"col-inner\"  >\n\t\t\t\n\t\t\t\n\t<div class=\"img has-hover x md-x lg-x y md-y lg-y\" id=\"image_30492677\">\n\t\t\t\t\t\t\t\t<div class=\"img-inner box-shadow-2 dark\" >\n\t\t\t<img loading=\"lazy\" decoding=\"async\" width=\"290\" height=\"290\" src=\"https:\/\/plusstand.com\/wp-content\/uploads\/2017\/10\/plusstand-ekbimiz-6.jpg\" class=\"attachment-large size-large\" alt=\"\" srcset=\"https:\/\/plusstand.com\/wp-content\/uploads\/2017\/10\/plusstand-ekbimiz-6.jpg 290w, https:\/\/plusstand.com\/wp-content\/uploads\/2017\/10\/plusstand-ekbimiz-6-100x100.jpg 100w, https:\/\/plusstand.com\/wp-content\/uploads\/2017\/10\/plusstand-ekbimiz-6-150x150.jpg 150w\" sizes=\"auto, (max-width: 290px) 100vw, 290px\" title=\"\">\t\t\t\t\t\t\n\t\t\t\t\t<\/div>\n\t\t\t\t\t\t\t\t\n<style>\n#image_30492677 {\n  width: 100%;\n}\n<\/style>\n\t<\/div>\n\t\n<h1 style=\"font-weight: 300; font-size: 1.8em; text-align: center;\"><span style=\"color: #000;\">Nihan Agan Ozturk<\/span><\/h1>\n\t\t<\/div>\n\t\t\t\t\t<\/div>\n\n\t\n\n\t<div id=\"col-1793677747\" class=\"col medium-4 small-12 large-4\"  >\n\t\t\t\t<div class=\"col-inner\"  >\n\t\t\t\n\t\t\t\n\t<div class=\"img has-hover x md-x lg-x y md-y lg-y\" id=\"image_1759875943\">\n\t\t\t\t\t\t\t\t<div class=\"img-inner box-shadow-2 dark\" >\n\t\t\t<img loading=\"lazy\" decoding=\"async\" width=\"500\" height=\"500\" src=\"https:\/\/plusstand.com\/wp-content\/uploads\/2018\/10\/Gamze-\u00c7aparo\u011flu-1-1024x1024.jpg\" class=\"attachment-large size-large\" alt=\"\" srcset=\"https:\/\/plusstand.com\/wp-content\/uploads\/2018\/10\/Gamze-\u00c7aparo\u011flu-1-1024x1024.jpg 1024w, https:\/\/plusstand.com\/wp-content\/uploads\/2018\/10\/Gamze-\u00c7aparo\u011flu-1-500x500.jpg 500w, https:\/\/plusstand.com\/wp-content\/uploads\/2018\/10\/Gamze-\u00c7aparo\u011flu-1-100x100.jpg 100w, https:\/\/plusstand.com\/wp-content\/uploads\/2018\/10\/Gamze-\u00c7aparo\u011flu-1-1000x1000.jpg 1000w, https:\/\/plusstand.com\/wp-content\/uploads\/2018\/10\/Gamze-\u00c7aparo\u011flu-1-150x150.jpg 150w, https:\/\/plusstand.com\/wp-content\/uploads\/2018\/10\/Gamze-\u00c7aparo\u011flu-1-300x300.jpg 300w, https:\/\/plusstand.com\/wp-content\/uploads\/2018\/10\/Gamze-\u00c7aparo\u011flu-1-768x768.jpg 768w\" sizes=\"auto, (max-width: 500px) 100vw, 500px\" title=\"\">\t\t\t\t\t\t\n\t\t\t\t\t<\/div>\n\t\t\t\t\t\t\t\t\n<style>\n#image_1759875943 {\n  width: 100%;\n}\n<\/style>\n\t<\/div>\n\t\n<h1 style=\"font-weight: 300; font-size: 1.8em; text-align: center;\"><span style=\"color: #000;\">Gamze Caparoglu Apricot<\/span><\/h1>\n\t\t<\/div>\n\t\t\t\t\t<\/div>\n\n\t\n<\/div>\n<div class=\"row\"  id=\"row-946467436\">\n\n\t<div id=\"col-342906173\" class=\"col medium-4 small-12 large-4\"  >\n\t\t\t\t<div class=\"col-inner\"  >\n\t\t\t\n\t\t\t\n\t<div class=\"img has-hover x md-x lg-x y md-y lg-y\" id=\"image_781663349\">\n\t\t\t\t\t\t\t\t<div class=\"img-inner box-shadow-2 dark\" >\n\t\t\t<img loading=\"lazy\" decoding=\"async\" width=\"500\" height=\"494\" src=\"https:\/\/plusstand.com\/wp-content\/uploads\/2023\/04\/plusstand-ekibimiz-ecem-150x150-Medium-500x494.jpg\" class=\"attachment-large size-large\" alt=\"\" srcset=\"https:\/\/plusstand.com\/wp-content\/uploads\/2023\/04\/plusstand-ekibimiz-ecem-150x150-Medium-500x494.jpg 500w, https:\/\/plusstand.com\/wp-content\/uploads\/2023\/04\/plusstand-ekibimiz-ecem-150x150-Medium-300x297.jpg 300w, https:\/\/plusstand.com\/wp-content\/uploads\/2023\/04\/plusstand-ekibimiz-ecem-150x150-Medium-768x759.jpg 768w, https:\/\/plusstand.com\/wp-content\/uploads\/2023\/04\/plusstand-ekibimiz-ecem-150x150-Medium-100x100.jpg 100w, https:\/\/plusstand.com\/wp-content\/uploads\/2023\/04\/plusstand-ekibimiz-ecem-150x150-Medium.jpg 777w\" sizes=\"auto, (max-width: 500px) 100vw, 500px\" title=\"\">\t\t\t\t\t\t\n\t\t\t\t\t<\/div>\n\t\t\t\t\t\t\t\t\n<style>\n#image_781663349 {\n  width: 100%;\n}\n<\/style>\n\t<\/div>\n\t\n<h1 style=\"font-weight: 300; font-size: 1.8em; text-align: center;\"><span style=\"color: #000;\">Ecem Sengul<\/span><\/h1>\n<\/p>\n\t\t<\/div>\n\t\t\t\t\t<\/div>\n\n\t\n\n\t<div id=\"col-1709481373\" class=\"col medium-4 small-12 large-4\"  >\n\t\t\t\t<div class=\"col-inner\"  >\n\t\t\t\n\t\t\t\n\t<div class=\"img has-hover x md-x lg-x y md-y lg-y\" id=\"image_27948709\">\n\t\t\t\t\t\t\t\t<div class=\"img-inner box-shadow-2 dark\" >\n\t\t\t<img loading=\"lazy\" decoding=\"async\" width=\"500\" height=\"494\" src=\"https:\/\/plusstand.com\/wp-content\/uploads\/2023\/04\/plusstand-ekibimiz-cenk-150x150-Medium-500x494.jpg\" class=\"attachment-large size-large\" alt=\"\" srcset=\"https:\/\/plusstand.com\/wp-content\/uploads\/2023\/04\/plusstand-ekibimiz-cenk-150x150-Medium-500x494.jpg 500w, https:\/\/plusstand.com\/wp-content\/uploads\/2023\/04\/plusstand-ekibimiz-cenk-150x150-Medium-300x297.jpg 300w, https:\/\/plusstand.com\/wp-content\/uploads\/2023\/04\/plusstand-ekibimiz-cenk-150x150-Medium-768x759.jpg 768w, https:\/\/plusstand.com\/wp-content\/uploads\/2023\/04\/plusstand-ekibimiz-cenk-150x150-Medium-100x100.jpg 100w, https:\/\/plusstand.com\/wp-content\/uploads\/2023\/04\/plusstand-ekibimiz-cenk-150x150-Medium.jpg 777w\" sizes=\"auto, (max-width: 500px) 100vw, 500px\" title=\"\">\t\t\t\t\t\t\n\t\t\t\t\t<\/div>\n\t\t\t\t\t\t\t\t\n<style>\n#image_27948709 {\n  width: 100%;\n}\n<\/style>\n\t<\/div>\n\t\n<h1 style=\"font-weight: 300; font-size: 1.8em; text-align: center;\"><span style=\"color: #000;\">Cenk \u00d6zt\u00fcrk<\/span><\/h1>\n<\/p>\n\t\t<\/div>\n\t\t\t\t\t<\/div>\n\n\t\n\n\t<div id=\"col-1563361076\" class=\"col medium-4 small-12 large-4\"  >\n\t\t\t\t<div class=\"col-inner\"  >\n\t\t\t\n\t\t\t\n\t<div class=\"img has-hover x md-x lg-x y md-y lg-y\" id=\"image_1182643736\">\n\t\t\t\t\t\t\t\t<div class=\"img-inner box-shadow-2 dark\" >\n\t\t\t<img loading=\"lazy\" decoding=\"async\" width=\"500\" height=\"500\" src=\"https:\/\/plusstand.com\/wp-content\/uploads\/2018\/10\/O\u011fuzhan-Cengiz-1024x1024.jpg\" class=\"attachment-large size-large\" alt=\"\" srcset=\"https:\/\/plusstand.com\/wp-content\/uploads\/2018\/10\/O\u011fuzhan-Cengiz-1024x1024.jpg 1024w, https:\/\/plusstand.com\/wp-content\/uploads\/2018\/10\/O\u011fuzhan-Cengiz-500x500.jpg 500w, https:\/\/plusstand.com\/wp-content\/uploads\/2018\/10\/O\u011fuzhan-Cengiz-100x100.jpg 100w, https:\/\/plusstand.com\/wp-content\/uploads\/2018\/10\/O\u011fuzhan-Cengiz-1000x1000.jpg 1000w, https:\/\/plusstand.com\/wp-content\/uploads\/2018\/10\/O\u011fuzhan-Cengiz-150x150.jpg 150w, https:\/\/plusstand.com\/wp-content\/uploads\/2018\/10\/O\u011fuzhan-Cengiz-300x300.jpg 300w, https:\/\/plusstand.com\/wp-content\/uploads\/2018\/10\/O\u011fuzhan-Cengiz-768x768.jpg 768w, https:\/\/plusstand.com\/wp-content\/uploads\/2018\/10\/O\u011fuzhan-Cengiz.jpg 1186w\" sizes=\"auto, (max-width: 500px) 100vw, 500px\" title=\"\">\t\t\t\t\t\t\n\t\t\t\t\t<\/div>\n\t\t\t\t\t\t\t\t\n<style>\n#image_1182643736 {\n  width: 100%;\n}\n<\/style>\n\t<\/div>\n\t\n<h1 style=\"font-weight: 300; font-size: 1.8em; text-align: center;\"><span style=\"color: #000;\">Oguzhan Cengiz<\/span><\/h1>\n\t\t<\/div>\n\t\t\t\t\t<\/div>\n\n\t\n<\/div>\n<div class=\"row\"  id=\"row-2010089800\">\n\n\t<div id=\"col-1976285335\" class=\"col medium-4 small-12 large-4\"  >\n\t\t\t\t<div class=\"col-inner\"  >\n\t\t\t\n\t\t\t\n\t<div class=\"img has-hover x md-x lg-x y md-y lg-y\" id=\"image_2134825200\">\n\t\t\t\t\t\t\t\t<div class=\"img-inner box-shadow-2 dark\" >\n\t\t\t<img loading=\"lazy\" decoding=\"async\" width=\"500\" height=\"500\" src=\"https:\/\/plusstand.com\/wp-content\/uploads\/2020\/03\/selma-\u00f6zt\u00fcrk-1.jpeg\" class=\"attachment-large size-large\" alt=\"\" srcset=\"https:\/\/plusstand.com\/wp-content\/uploads\/2020\/03\/selma-\u00f6zt\u00fcrk-1.jpeg 767w, https:\/\/plusstand.com\/wp-content\/uploads\/2020\/03\/selma-\u00f6zt\u00fcrk-1-500x500.jpeg 500w, https:\/\/plusstand.com\/wp-content\/uploads\/2020\/03\/selma-\u00f6zt\u00fcrk-1-100x100.jpeg 100w, https:\/\/plusstand.com\/wp-content\/uploads\/2020\/03\/selma-\u00f6zt\u00fcrk-1-300x300.jpeg 300w, https:\/\/plusstand.com\/wp-content\/uploads\/2020\/03\/selma-\u00f6zt\u00fcrk-1-150x150.jpeg 150w\" sizes=\"auto, (max-width: 500px) 100vw, 500px\" title=\"\">\t\t\t\t\t\t\n\t\t\t\t\t<\/div>\n\t\t\t\t\t\t\t\t\n<style>\n#image_2134825200 {\n  width: 100%;\n}\n<\/style>\n\t<\/div>\n\t\n<h1 style=\"font-weight: 300; font-size: 1.8em; text-align: center;\"><span style=\"color: #000;\">Selma \u00d6zt\u00fcrk<\/span><\/h1>\n\t\t<\/div>\n\t\t\t\t\t<\/div>\n\n\t\n<\/div>\n<div class=\"row row-collapse row-full-width align-center\"  id=\"row-1828402161\">\n\n\t<div id=\"col-1172787743\" class=\"col medium-7 small-12 large-7\"  >\n\t\t\t\t<div class=\"col-inner text-center\"  >\n\t\t\t\n\t\t\t\n<p>\n\n\t<section class=\"section\" id=\"section_1738779924\">\n\t\t<div class=\"section-bg fill\" >\n\t\t\t\t\t\t\t\t\t<div class=\"section-bg-overlay absolute fill\"><\/div>\n\t\t\t\n\n\t\t<\/div>\n\n\t\t\n\n\t\t<div class=\"section-content relative\">\n\t\t\t\n\t\t<\/div>\n\n\t\t\n<style>\n#section_1738779924 {\n  padding-top: 0px;\n  padding-bottom: 0px;\n}\n#section_1738779924 .section-bg-overlay {\n  background-color: rgba(230, 230, 230, 0.85);\n}\n<\/style>\n\t<\/section>\n\t\n<\/p>\n<p>\n<div class=\"row row-collapse row-full-width align-center\"  id=\"row-1725999648\">\n<\/div>\n<\/p>\n<p>\n\n\t<div id=\"col-263880866\" class=\"col large-12\"  >\n\t\t\t\t<div class=\"col-inner\"  >\n\t\t\t\n\t\t\t\n\t\t<\/div>\n\t\t\t\t\t<\/div>\n\n\t\n<\/p>\n<p>\n\n  <div class=\"banner has-hover\" id=\"banner-1418202882\">\n          <div class=\"banner-inner fill\">\n        <div class=\"banner-bg fill\" >\n            <img loading=\"lazy\" decoding=\"async\" width=\"1631\" height=\"1080\" src=\"https:\/\/plusstand.com\/wp-content\/uploads\/2017\/10\/DSC_0075.jpg\" class=\"bg attachment-orginal size-orginal\" alt=\"\" title=\"\">                                    \n                    <\/div>\n\t\t\n        <div class=\"banner-layers container\">\n            <div class=\"fill banner-link\"><\/div>            \n        <\/div>\n      <\/div>\n\n            \n<style>\n#banner-1418202882 {\n  padding-top: 350px;\n}\n#banner-1418202882 .banner-bg img {\n  object-position: 1% 77%;\n}\n<\/style>\n  <\/div>\n\n\n<\/p>\n\t\t<\/div>\n\t\t\t\t\t<\/div>\n\n\t\n\n\t<div id=\"col-272923011\" class=\"col medium-7 small-12 large-7\"  >\n\t\t\t\t<div class=\"col-inner text-center\"  >\n\t\t\t\n\t\t\t\n<p>\n\t<div id=\"gap-1981060103\" class=\"gap-element clearfix\" style=\"display:block; height:auto;\">\n\t\t\n<style>\n#gap-1981060103 {\n  padding-top: 40px;\n}\n<\/style>\n\t<\/div>\n\t\n<p>\n<a data-animate=\"bounceInRight\" class=\"button primary is-underline is-xlarge expand\"  >\n\t\t<span>7\/24 Service Team<\/span>\n\t<\/a>\n\n<p style=\"text-align: center;\"><span style=\"color: #333333;\">We are ready to solve your problems in the best way with our experienced and experienced support team!<\/span><\/p>\n<p>\n\t<div id=\"gap-600840948\" class=\"gap-element clearfix\" style=\"display:block; height:auto;\">\n\t\t\n<style>\n#gap-600840948 {\n  padding-top: 20px;\n}\n<\/style>\n\t<\/div>\n\t\n\t\t<\/div>\n\t\t\t\t\t<\/div>\n\n\t\n<\/div>\n<\/p>\n\t\t<\/div>\n\n\t\t\n<style>\n#section_706637653 {\n  padding-top: 30px;\n  padding-bottom: 30px;\n}\n<\/style>\n\t<\/section>\n\t\n<\/p>\n\n\t<section class=\"section\" id=\"section_1391816335\">\n\t\t<div class=\"section-bg fill\" >\n\t\t\t\t\t\t\t\t\t<div class=\"section-bg-overlay absolute fill\"><\/div>\n\t\t\t\n\n\t\t<\/div>\n\n\t\t\n\n\t\t<div class=\"section-content relative\">\n\t\t\t\n<h1> <\/h1>\n<h1 style=\"text-align: center;\"><strong>  +90 212 233 24 24<\/strong><\/h1>\n<p>\n<div class=\"row\"  id=\"row-179012775\">\n<p>\n\n\t<div id=\"col-1453753329\" class=\"col medium-4 small-12 large-4\"  >\n\t\t\t\t<div class=\"col-inner\"  >\n\t\t\t\n\t\t\t\n<h1 style=\"font-weight: 300; font-size: 1.0em; text-align: center;\"><span style=\"color: #000000;\"><b>Interior Architect \/ Construction Site Supervisor<\/b><\/span><\/h1>\n<h4 style=\"font-weight: 300; font-size: 1.0em; text-align: center;\"><span style=\"color: #000;\">Gonca Selda \u00d6zt\u00fcrk<br \/><\/span><a href=\"tel:+905326450603\">+90 532 161<\/a>22 88<br \/><u>gonca@plusstand.com<\/u><\/h4>\n<h4 style=\"font-weight: 300; font-size: 1.0em; text-align: center;\"> <\/h4>\n<\/p>\n\t\t<\/div>\n\t\t\t\t\t<\/div>\n\n\t\n<\/p>\n\n\t<div id=\"col-1080046860\" class=\"col medium-4 small-12 large-4\"  >\n\t\t\t\t<div class=\"col-inner\"  >\n\t\t\t\n\t\t\t\n<h1 style=\"font-weight: 300; font-size: 1.0em; text-align: center;\"><strong><span style=\"color: #000;\">Interior Architect \/ Construction Site Supervisor<\/span><\/strong><\/h1>\n<h4 style=\"font-weight: 300; font-size: 1.0em; text-align: center;\"><span style=\"color: #000;\">Nihan Agan Ozturk<br \/><\/span><a href=\"tel:+905326440807\">+90 532 161 22 99<\/a><br \/><u>nihan@plusstand.com<\/u><\/h4>\n<\/p>\n\t\t<\/div>\n\t\t\t\t\t<\/div>\n\n\t\n<\/p>\n\n\t<div id=\"col-988174839\" class=\"col medium-4 small-12 large-4\"  >\n\t\t\t\t<div class=\"col-inner\"  >\n\t\t\t\n\t\t\t\n<h1 style=\"font-weight: 300; font-size: 1.0em; text-align: center;\"><span style=\"color: #000000;\"><b>Interior Architect \/ Construction Site Supervisor<\/b><\/span><\/h1>\n<h4 style=\"font-weight: 300; font-size: 1.0em; text-align: center;\"><span style=\"color: #000;\">Gamze \u00c7aparo\u011flu Kays\u0131<br \/><\/span><a href=\"tel:+90(532)%20582-2429\">+90<\/a> 532 161 22 66 <br \/><u>gamze@plusstand.com<\/u><\/h4>\n<\/p>\n\t\t<\/div>\n\t\t\t\t\t<\/div>\n\n\t\n<\/p>\n<\/div>\n<\/p>\n<div class=\"row align-center\"  id=\"row-990597618\">\n<p>\n\n\t<div id=\"col-943707329\" class=\"col medium-4 small-12 large-4\"  >\n\t\t\t\t<div class=\"col-inner text-center\"  >\n\t\t\t\n\t\t\t\n<p style=\"text-align: center;\">\n<h1 style=\"font-weight: 300; font-size: 1.0em; text-align: center;\"><strong><span style=\"color: #000;\">Manufacturing and Operations Manager<\/span><\/strong><\/h1>\n<h4 style=\"font-weight: 300; font-size: 1.0em; text-align: center;\"><span style=\"color: #000;\">Mehmet Ko\u00e7ak<br \/><\/span><u><\/u> +90 534 505 58 36 <\/h4>\n<h4 style=\"font-weight: 300; font-size: 1.0em; text-align: center;\"><u>mehmet.kocak@plusstand.com<\/u><\/h4>\n<p style=\"text-align: center;\">\n<p style=\"text-align: center;\">\n\t\t<\/div>\n\t\t\t\t\t<\/div>\n\n\t\n<\/p>\n<\/div>\n<\/p>\n<div class=\"row\"  id=\"row-1999040321\">\n<\/div>\n<\/p>\n\t<div id=\"gap-460378746\" class=\"gap-element clearfix\" style=\"display:block; height:auto;\">\n\t\t\n<style>\n#gap-460378746 {\n  padding-top: 30px;\n}\n<\/style>\n\t<\/div>\n\t\n<p>\n<div class=\"row row-collapse align-center\"  id=\"row-382481981\">\n<p>\n\n\t<div id=\"col-1933608592\" class=\"col large-12\"  >\n\t\t\t\t<div class=\"col-inner\"  >\n\t\t\t\n\t\t\t\n<p>&nbsp;<\/p>\n\t\t<\/div>\n\t\t\t\t\t<\/div>\n\n\t\n<\/p>\n<\/div>\n<\/p>\n\t\t<\/div>\n\n\t\t\n<style>\n#section_1391816335 {\n  padding-top: 0px;\n  padding-bottom: 0px;\n  background-color: rgb(208, 208, 208);\n}\n#section_1391816335 .section-bg-overlay {\n  background-color: rgba(255, 255, 255, 0.85);\n}\n<\/style>\n\t<\/section>\n\t\n<h4 style=\"font-weight: 300; font-size: 1.0em; text-align: center;\"> <\/h4>\n<h4 style=\"font-weight: 300; font-size: 1.0em; text-align: center;\">\n<div class=\"row row-collapse\"  id=\"row-778717738\">\n\n\t<div id=\"col-2122938379\" class=\"col small-12 large-12\"  >\n\t\t\t\t<div class=\"col-inner\"  >\n\t\t\t\n\t\t\t\n<div class=\"slider-wrapper relative\" id=\"slider-1835139601\" >\n    <div class=\"slider slider-nav-reveal slider-nav-large slider-nav-light slider-style-normal\"\n        data-flickity-options='{\n            \"cellAlign\": \"center\",\n            \"imagesLoaded\": true,\n            \"lazyLoad\": 1,\n            \"freeScroll\": false,\n            \"wrapAround\": true,\n            \"autoPlay\": 6000,\n            \"pauseAutoPlayOnHover\" : true,\n            \"prevNextButtons\": false,\n            \"contain\" : true,\n            \"adaptiveHeight\" : true,\n            \"dragThreshold\" : 10,\n            \"percentPosition\": true,\n            \"pageDots\": true,\n            \"rightToLeft\": false,\n            \"draggable\": true,\n            \"selectedAttraction\": 0.1,\n            \"parallax\" : 0,\n            \"friction\": 0.6        }'\n        >\n        \n\n  <div class=\"banner has-hover\" id=\"banner-1680768369\">\n          <div class=\"banner-inner fill\">\n        <div class=\"banner-bg fill\" >\n            <img loading=\"lazy\" decoding=\"async\" width=\"500\" height=\"304\" src=\"https:\/\/plusstand.com\/wp-content\/uploads\/2020\/03\/plusstand_kiralik_mod\u00fcler_sistem_ekip_1-1024x622.jpg\" class=\"bg attachment-large size-large\" alt=\"\" title=\"\">                                    \n                    <\/div>\n\t\t\n        <div class=\"banner-layers container\">\n            <div class=\"fill banner-link\"><\/div>            \n        <\/div>\n      <\/div>\n\n            \n<style>\n#banner-1680768369 {\n  padding-top: 500px;\n}\n<\/style>\n  <\/div>\n\n\n\n  <div class=\"banner has-hover\" id=\"banner-246495008\">\n          <div class=\"banner-inner fill\">\n        <div class=\"banner-bg fill\" >\n            <img loading=\"lazy\" decoding=\"async\" width=\"2560\" height=\"1554\" src=\"https:\/\/plusstand.com\/wp-content\/uploads\/2020\/03\/plusstand_kiralik_mod\u00fcler_sistem_ekip_4-1-scaled.jpg\" class=\"bg attachment-original size-original\" alt=\"\" title=\"\">                                    \n                    <\/div>\n\t\t\n        <div class=\"banner-layers container\">\n            <div class=\"fill banner-link\"><\/div>            \n        <\/div>\n      <\/div>\n\n            \n<style>\n#banner-246495008 {\n  padding-top: 500px;\n}\n<\/style>\n  <\/div>\n\n\n\n  <div class=\"banner has-hover\" id=\"banner-489839654\">\n          <div class=\"banner-inner fill\">\n        <div class=\"banner-bg fill\" >\n            <img loading=\"lazy\" decoding=\"async\" width=\"2560\" height=\"1554\" src=\"https:\/\/plusstand.com\/wp-content\/uploads\/2020\/03\/plusstand_kiralik_mod\u00fcler_sistem_ekip_6-1-scaled.jpg\" class=\"bg attachment-original size-original\" alt=\"\" title=\"\">                                    \n                    <\/div>\n\t\t\n        <div class=\"banner-layers container\">\n            <div class=\"fill banner-link\"><\/div>            \n        <\/div>\n      <\/div>\n\n            \n<style>\n#banner-489839654 {\n  padding-top: 500px;\n}\n<\/style>\n  <\/div>\n\n\n\n  <div class=\"banner has-hover\" id=\"banner-1653945479\">\n          <div class=\"banner-inner fill\">\n        <div class=\"banner-bg fill\" >\n            <img loading=\"lazy\" decoding=\"async\" width=\"2560\" height=\"1554\" src=\"https:\/\/plusstand.com\/wp-content\/uploads\/2020\/03\/plusstand_kiralik_mod\u00fcler_sistem_ekip_7jpg-2-scaled.jpg\" class=\"bg attachment-original size-original\" alt=\"\" title=\"\">                                    \n                    <\/div>\n\t\t\n        <div class=\"banner-layers container\">\n            <div class=\"fill banner-link\"><\/div>            \n        <\/div>\n      <\/div>\n\n            \n<style>\n#banner-1653945479 {\n  padding-top: 500px;\n}\n<\/style>\n  <\/div>\n\n\n     <\/div>\n\n     <div class=\"loading-spin dark large centered\"><\/div>\n\n\t<\/div>\n\n\n\t\t<\/div>\n\t\t\t\t\t<\/div>\n\n\t\n<\/div>\n<\/h4>\n","protected":false},"excerpt":{"rendered":"","protected":false},"author":1,"featured_media":0,"parent":0,"menu_order":0,"comment_status":"closed","ping_status":"closed","template":"page-blank.php","meta":{"footnotes":""},"class_list":["post-12092","page","type-page","status-publish","hentry"],"_links":{"self":[{"href":"https:\/\/plusstand.com\/en\/wp-json\/wp\/v2\/pages\/12092","targetHints":{"allow":["GET"]}}],"collection":[{"href":"https:\/\/plusstand.com\/en\/wp-json\/wp\/v2\/pages"}],"about":[{"href":"https:\/\/plusstand.com\/en\/wp-json\/wp\/v2\/types\/page"}],"author":[{"embeddable":true,"href":"https:\/\/plusstand.com\/en\/wp-json\/wp\/v2\/users\/1"}],"replies":[{"embeddable":true,"href":"https:\/\/plusstand.com\/en\/wp-json\/wp\/v2\/comments?post=12092"}],"version-history":[{"count":2,"href":"https:\/\/plusstand.com\/en\/wp-json\/wp\/v2\/pages\/12092\/revisions"}],"predecessor-version":[{"id":12094,"href":"https:\/\/plusstand.com\/en\/wp-json\/wp\/v2\/pages\/12092\/revisions\/12094"}],"wp:attachment":[{"href":"https:\/\/plusstand.com\/en\/wp-json\/wp\/v2\/media?parent=12092"}],"curies":[{"name":"wp","href":"https:\/\/api.w.org\/{rel}","templated":true}]}}