{"id":13962,"date":"2024-05-31T17:10:39","date_gmt":"2024-05-31T14:10:39","guid":{"rendered":"https:\/\/plusstand.com\/referanslar\/bicakcilar-2016-ekspomed-messe\/"},"modified":"2024-05-31T17:10:39","modified_gmt":"2024-05-31T14:10:39","slug":"bicakcilar-2016-ekspomed-messe","status":"publish","type":"product","link":"https:\/\/plusstand.com\/de\/referanslar\/bicakcilar-2016-ekspomed-messe\/","title":{"rendered":"B\u0131\u00e7ak\u00e7\u0131lar 2016 Ekspomed Messe"},"content":{"rendered":"","protected":false},"excerpt":{"rendered":"","protected":false},"featured_media":13963,"template":"","meta":[],"product_brand":[],"product_cat":[1751],"product_tag":[2241],"class_list":{"0":"post-13962","1":"product","2":"type-product","3":"status-publish","4":"has-post-thumbnail","6":"product_cat-messestande","7":"product_tag-bicakcilar-2016-ekspomed-messe","9":"first","10":"instock","11":"shipping-taxable","12":"product-type-simple"},"_links":{"self":[{"href":"https:\/\/plusstand.com\/de\/wp-json\/wp\/v2\/product\/13962","targetHints":{"allow":["GET"]}}],"collection":[{"href":"https:\/\/plusstand.com\/de\/wp-json\/wp\/v2\/product"}],"about":[{"href":"https:\/\/plusstand.com\/de\/wp-json\/wp\/v2\/types\/product"}],"wp:featuredmedia":[{"embeddable":true,"href":"https:\/\/plusstand.com\/de\/wp-json\/wp\/v2\/media\/13963"}],"wp:attachment":[{"href":"https:\/\/plusstand.com\/de\/wp-json\/wp\/v2\/media?parent=13962"}],"wp:term":[{"taxonomy":"product_brand","embeddable":true,"href":"https:\/\/plusstand.com\/de\/wp-json\/wp\/v2\/product_brand?post=13962"},{"taxonomy":"product_cat","embeddable":true,"href":"https:\/\/plusstand.com\/de\/wp-json\/wp\/v2\/product_cat?post=13962"},{"taxonomy":"product_tag","embeddable":true,"href":"https:\/\/plusstand.com\/de\/wp-json\/wp\/v2\/product_tag?post=13962"}],"curies":[{"name":"wp","href":"https:\/\/api.w.org\/{rel}","templated":true}]}}