{"id":13388,"date":"2024-05-31T17:09:31","date_gmt":"2024-05-31T14:09:31","guid":{"rendered":"https:\/\/plusstand.com\/referanslar\/mein-vodafone-business-partner-ist-bereit-fuer-morgen\/"},"modified":"2024-05-31T17:09:31","modified_gmt":"2024-05-31T14:09:31","slug":"mein-vodafone-business-partner-ist-bereit-fuer-morgen","status":"publish","type":"product","link":"https:\/\/plusstand.com\/de\/referanslar\/mein-vodafone-business-partner-ist-bereit-fuer-morgen\/","title":{"rendered":"Mein Vodafone Business Partner ist bereit f\u00fcr morgen"},"content":{"rendered":"<div class=\"video video-fit mb\" style=\"padding-top:56.25%;\"><p><iframe loading=\"lazy\" title=\"PlusStand - Vodafone \u0130\u015f Orta\u011f\u0131m Yar\u0131na Haz\u0131r\" width=\"1020\" height=\"574\" src=\"https:\/\/www.youtube.com\/embed\/JTNGo80RCAU?feature=oembed\" frameborder=\"0\" allow=\"accelerometer; autoplay; clipboard-write; encrypted-media; gyroscope; picture-in-picture; web-share\" referrerpolicy=\"strict-origin-when-cross-origin\" allowfullscreen><\/iframe><\/p>\n<\/div>\n","protected":false},"excerpt":{"rendered":"","protected":false},"featured_media":0,"template":"","meta":[],"product_brand":[],"product_cat":[2032],"product_tag":[2034,1769,2035],"class_list":{"0":"post-13388","1":"product","2":"type-product","3":"status-publish","5":"product_cat-nachrichten","6":"product_tag-mein-vodafone-business-partner-ist-bereit-fur-morgen","7":"product_tag-plusstand-de","8":"product_tag-plusstand-ist-mein-vodafone-geschaftspartner","10":"first","11":"instock","12":"shipping-taxable","13":"product-type-simple"},"_links":{"self":[{"href":"https:\/\/plusstand.com\/de\/wp-json\/wp\/v2\/product\/13388","targetHints":{"allow":["GET"]}}],"collection":[{"href":"https:\/\/plusstand.com\/de\/wp-json\/wp\/v2\/product"}],"about":[{"href":"https:\/\/plusstand.com\/de\/wp-json\/wp\/v2\/types\/product"}],"wp:attachment":[{"href":"https:\/\/plusstand.com\/de\/wp-json\/wp\/v2\/media?parent=13388"}],"wp:term":[{"taxonomy":"product_brand","embeddable":true,"href":"https:\/\/plusstand.com\/de\/wp-json\/wp\/v2\/product_brand?post=13388"},{"taxonomy":"product_cat","embeddable":true,"href":"https:\/\/plusstand.com\/de\/wp-json\/wp\/v2\/product_cat?post=13388"},{"taxonomy":"product_tag","embeddable":true,"href":"https:\/\/plusstand.com\/de\/wp-json\/wp\/v2\/product_tag?post=13388"}],"curies":[{"name":"wp","href":"https:\/\/api.w.org\/{rel}","templated":true}]}}