{"id":12530,"date":"2024-05-31T17:08:27","date_gmt":"2024-05-31T14:08:27","guid":{"rendered":"https:\/\/plusstand.com\/referanslar\/is-yatirim-2017-ankara-forexpo\/"},"modified":"2024-05-31T17:08:27","modified_gmt":"2024-05-31T14:08:27","slug":"is-yatirim-2017-ankara-forexpo","status":"publish","type":"product","link":"https:\/\/plusstand.com\/de\/referanslar\/is-yatirim-2017-ankara-forexpo\/","title":{"rendered":"\u0130\u015f Yat\u0131r\u0131m 2017 Ankara Forexpo"},"content":{"rendered":"","protected":false},"excerpt":{"rendered":"","protected":false},"featured_media":12531,"template":"","meta":[],"product_brand":[],"product_cat":[1760],"product_tag":[1873,1872,1752,1871,1806],"class_list":{"0":"post-12530","1":"product","2":"type-product","3":"status-publish","4":"has-post-thumbnail","6":"product_cat-kongress-tribunen","7":"product_tag-forexpo-business-investment","8":"product_tag-geschaftsinvestition-forexpo-stand","9":"product_tag-heim","10":"product_tag-is-investition","11":"product_tag-kongress-tribunen","13":"first","14":"instock","15":"shipping-taxable","16":"product-type-simple"},"_links":{"self":[{"href":"https:\/\/plusstand.com\/de\/wp-json\/wp\/v2\/product\/12530","targetHints":{"allow":["GET"]}}],"collection":[{"href":"https:\/\/plusstand.com\/de\/wp-json\/wp\/v2\/product"}],"about":[{"href":"https:\/\/plusstand.com\/de\/wp-json\/wp\/v2\/types\/product"}],"wp:featuredmedia":[{"embeddable":true,"href":"https:\/\/plusstand.com\/de\/wp-json\/wp\/v2\/media\/12531"}],"wp:attachment":[{"href":"https:\/\/plusstand.com\/de\/wp-json\/wp\/v2\/media?parent=12530"}],"wp:term":[{"taxonomy":"product_brand","embeddable":true,"href":"https:\/\/plusstand.com\/de\/wp-json\/wp\/v2\/product_brand?post=12530"},{"taxonomy":"product_cat","embeddable":true,"href":"https:\/\/plusstand.com\/de\/wp-json\/wp\/v2\/product_cat?post=12530"},{"taxonomy":"product_tag","embeddable":true,"href":"https:\/\/plusstand.com\/de\/wp-json\/wp\/v2\/product_tag?post=12530"}],"curies":[{"name":"wp","href":"https:\/\/api.w.org\/{rel}","templated":true}]}}