{"id":12495,"date":"2024-05-31T17:08:22","date_gmt":"2024-05-31T14:08:22","guid":{"rendered":"https:\/\/plusstand.com\/referanslar\/zweiseitiger-4x4-paketstaender\/"},"modified":"2024-05-31T17:08:22","modified_gmt":"2024-05-31T14:08:22","slug":"zweiseitiger-4x4-paketstaender","status":"publish","type":"product","link":"https:\/\/plusstand.com\/de\/referanslar\/zweiseitiger-4x4-paketstaender\/","title":{"rendered":"Zweiseitiger 4&#215;4-Paketst\u00e4nder"},"content":{"rendered":"[:en] <strong>Stand-Features<\/strong><\/p>\n<ul>\n<li><strong>Fassade:<\/strong> Beidseitig offen<\/li>\n<li><strong>Standgr\u00f6\u00dfe<\/strong>: 4 m x 4 m<\/li>\n<li><strong>H\u00f6he<\/strong>: 3m<\/li>\n<\/ul>\n[:]\n","protected":false},"excerpt":{"rendered":"[:en] <strong>Stand-Code: ps-012-02-4&#215;4<\/strong><\/p>\n<p>Die Preise gelten f\u00fcr Installationen in Istanbul. F\u00fcr Installationen au\u00dferhalb Istanbuls wenden Sie sich bitte an unseren Vertreter.<\/p>\n<p><strong>Telefon: <a href=\"tel:+902122332424\">+90 212 233 24 24<\/a><\/strong><\/p>\n<p>&nbsp;[:]\n","protected":false},"featured_media":0,"template":"","meta":[],"product_brand":[],"product_cat":[1720],"product_tag":[1752,1754,1727,1851,1722,1857],"class_list":{"0":"post-12495","1":"product","2":"type-product","3":"status-publish","5":"product_cat-paket-stander","6":"product_tag-heim","7":"product_tag-modularer-kongress-zur-miete","8":"product_tag-modularer-messestand","9":"product_tag-modularer-paketstander-de","10":"product_tag-paketstander","11":"product_tag-zweiseitig","13":"first","14":"instock","15":"shipping-taxable","16":"product-type-simple"},"_links":{"self":[{"href":"https:\/\/plusstand.com\/de\/wp-json\/wp\/v2\/product\/12495","targetHints":{"allow":["GET"]}}],"collection":[{"href":"https:\/\/plusstand.com\/de\/wp-json\/wp\/v2\/product"}],"about":[{"href":"https:\/\/plusstand.com\/de\/wp-json\/wp\/v2\/types\/product"}],"wp:attachment":[{"href":"https:\/\/plusstand.com\/de\/wp-json\/wp\/v2\/media?parent=12495"}],"wp:term":[{"taxonomy":"product_brand","embeddable":true,"href":"https:\/\/plusstand.com\/de\/wp-json\/wp\/v2\/product_brand?post=12495"},{"taxonomy":"product_cat","embeddable":true,"href":"https:\/\/plusstand.com\/de\/wp-json\/wp\/v2\/product_cat?post=12495"},{"taxonomy":"product_tag","embeddable":true,"href":"https:\/\/plusstand.com\/de\/wp-json\/wp\/v2\/product_tag?post=12495"}],"curies":[{"name":"wp","href":"https:\/\/api.w.org\/{rel}","templated":true}]}}