{"id":12494,"date":"2024-05-31T17:08:22","date_gmt":"2024-05-31T14:08:22","guid":{"rendered":"https:\/\/plusstand.com\/referanslar\/zweiseitiger-3x3-paketstaender\/"},"modified":"2024-05-31T17:08:22","modified_gmt":"2024-05-31T14:08:22","slug":"zweiseitiger-3x3-paketstaender","status":"publish","type":"product","link":"https:\/\/plusstand.com\/de\/referanslar\/zweiseitiger-3x3-paketstaender\/","title":{"rendered":"Zweiseitiger 3&#215;3-Paketst\u00e4nder"},"content":{"rendered":"[:en] <strong>Stand-Features<\/strong><\/p>\n<ul>\n<li><strong>Fassade:<\/strong> Beidseitig offen<\/li>\n<li><strong>Standgr\u00f6\u00dfe<\/strong>: 3mx3m<\/li>\n<li><strong>H\u00f6he<\/strong>: 3m<\/li>\n<\/ul>\n[:]\n","protected":false},"excerpt":{"rendered":"[:en]\n<ul>\n<li><strong>Stand-Code: ps-007-02-3&#215;3<\/strong><\/li>\n<li>Die Preise gelten f\u00fcr Installationen in Istanbul. F\u00fcr Installationen au\u00dferhalb Istanbuls wenden Sie sich bitte an unseren Vertreter.<\/li>\n<li><strong>Telefon: <a href=\"tel:+902122332424\">+90 212 233 24 24<\/a><\/strong><\/li>\n<\/ul>\n<p>&nbsp;[:]\n","protected":false},"featured_media":0,"template":"","meta":[],"product_brand":[],"product_cat":[1720],"product_tag":[1763,1764,1752,1723,1725,1722],"class_list":{"0":"post-12494","1":"product","2":"type-product","3":"status-publish","5":"product_cat-paket-stander","6":"product_tag-beidseitig-offener-standfus","7":"product_tag-beidseitiger-stander","8":"product_tag-heim","9":"product_tag-mietpaket-stand","10":"product_tag-modularer-mietstander","11":"product_tag-paketstander","13":"first","14":"instock","15":"shipping-taxable","16":"product-type-simple"},"_links":{"self":[{"href":"https:\/\/plusstand.com\/de\/wp-json\/wp\/v2\/product\/12494","targetHints":{"allow":["GET"]}}],"collection":[{"href":"https:\/\/plusstand.com\/de\/wp-json\/wp\/v2\/product"}],"about":[{"href":"https:\/\/plusstand.com\/de\/wp-json\/wp\/v2\/types\/product"}],"wp:attachment":[{"href":"https:\/\/plusstand.com\/de\/wp-json\/wp\/v2\/media?parent=12494"}],"wp:term":[{"taxonomy":"product_brand","embeddable":true,"href":"https:\/\/plusstand.com\/de\/wp-json\/wp\/v2\/product_brand?post=12494"},{"taxonomy":"product_cat","embeddable":true,"href":"https:\/\/plusstand.com\/de\/wp-json\/wp\/v2\/product_cat?post=12494"},{"taxonomy":"product_tag","embeddable":true,"href":"https:\/\/plusstand.com\/de\/wp-json\/wp\/v2\/product_tag?post=12494"}],"curies":[{"name":"wp","href":"https:\/\/api.w.org\/{rel}","templated":true}]}}