{"id":12483,"date":"2024-05-31T17:08:21","date_gmt":"2024-05-31T14:08:21","guid":{"rendered":"https:\/\/plusstand.com\/referanslar\/dreiseitiger-4x10-paketstaender\/"},"modified":"2024-05-31T17:08:21","modified_gmt":"2024-05-31T14:08:21","slug":"dreiseitiger-4x10-paketstaender","status":"publish","type":"product","link":"https:\/\/plusstand.com\/de\/referanslar\/dreiseitiger-4x10-paketstaender\/","title":{"rendered":"Dreiseitiger 4&#215;10 Paketst\u00e4nder"},"content":{"rendered":"[:en]\n<ul>\n<li><strong>Stand-Features<\/strong><\/li>\n<li><strong>Vorderseite:<\/strong> Dreiseitig offen<\/li>\n<li><strong>Standgr\u00f6\u00dfe<\/strong>: 4 m x 10 m<\/li>\n<li><strong>H\u00f6he<\/strong>: 3m<\/li>\n<\/ul>\n[:]\n","protected":false},"excerpt":{"rendered":"[:en] <strong>Stand-Code: ps-009-03-4&#215;10<\/strong><\/p>\n<p>Die Preise gelten f\u00fcr Installationen in Istanbul. F\u00fcr Installationen au\u00dferhalb Istanbuls wenden Sie sich bitte an unseren Vertreter.<\/p>\n<p><strong>Telefon: <a href=\"tel:+902122332424\">+90 212 233 24 24<\/a><\/strong><\/p>\n<p>&nbsp;[:]\n","protected":false},"featured_media":0,"template":"","meta":[],"product_brand":[],"product_cat":[1720],"product_tag":[1854,1853,1752,1727,1725,1851],"class_list":{"0":"post-12483","1":"product","2":"type-product","3":"status-publish","5":"product_cat-paket-stander","6":"product_tag-dreiseitig","7":"product_tag-es-ist-auf-drei-seiten-offen","8":"product_tag-heim","9":"product_tag-modularer-messestand","10":"product_tag-modularer-mietstander","11":"product_tag-modularer-paketstander-de","13":"first","14":"instock","15":"shipping-taxable","16":"product-type-simple"},"_links":{"self":[{"href":"https:\/\/plusstand.com\/de\/wp-json\/wp\/v2\/product\/12483","targetHints":{"allow":["GET"]}}],"collection":[{"href":"https:\/\/plusstand.com\/de\/wp-json\/wp\/v2\/product"}],"about":[{"href":"https:\/\/plusstand.com\/de\/wp-json\/wp\/v2\/types\/product"}],"wp:attachment":[{"href":"https:\/\/plusstand.com\/de\/wp-json\/wp\/v2\/media?parent=12483"}],"wp:term":[{"taxonomy":"product_brand","embeddable":true,"href":"https:\/\/plusstand.com\/de\/wp-json\/wp\/v2\/product_brand?post=12483"},{"taxonomy":"product_cat","embeddable":true,"href":"https:\/\/plusstand.com\/de\/wp-json\/wp\/v2\/product_cat?post=12483"},{"taxonomy":"product_tag","embeddable":true,"href":"https:\/\/plusstand.com\/de\/wp-json\/wp\/v2\/product_tag?post=12483"}],"curies":[{"name":"wp","href":"https:\/\/api.w.org\/{rel}","templated":true}]}}