{"id":12482,"date":"2024-05-31T17:08:21","date_gmt":"2024-05-31T14:08:21","guid":{"rendered":"https:\/\/plusstand.com\/referanslar\/dreiseitiger-3x6-paketstaender\/"},"modified":"2024-05-31T17:08:21","modified_gmt":"2024-05-31T14:08:21","slug":"dreiseitiger-3x6-paketstaender","status":"publish","type":"product","link":"https:\/\/plusstand.com\/de\/referanslar\/dreiseitiger-3x6-paketstaender\/","title":{"rendered":"Dreiseitiger 3&#215;6-Paketst\u00e4nder"},"content":{"rendered":"[:en] <strong>Stand-Features<\/strong><\/p>\n<ul>\n<li><strong>Vorderseite:<\/strong> Dreiseitig offen<\/li>\n<li><strong>Standgr\u00f6\u00dfe<\/strong>: 3mx6m<\/li>\n<li><strong>H\u00f6he<\/strong>: 3m<\/li>\n<\/ul>\n[:]\n","protected":false},"excerpt":{"rendered":"[:en] <strong>Stand-Code: ps-015-03-3&#215;6<\/strong><\/p>\n<p>Die Preise gelten f\u00fcr Installationen in Istanbul. F\u00fcr Installationen au\u00dferhalb Istanbuls wenden Sie sich bitte an unseren Vertreter.<\/p>\n<p><strong>Telefon: <a href=\"tel:+902122332424\">+90 212 233 24 24<\/a><\/strong><\/p>\n[:]\n","protected":false},"featured_media":12490,"template":"","meta":[],"product_brand":[],"product_cat":[1720],"product_tag":[1853,1754,1727,1851,1722],"class_list":{"0":"post-12482","1":"product","2":"type-product","3":"status-publish","4":"has-post-thumbnail","6":"product_cat-paket-stander","7":"product_tag-es-ist-auf-drei-seiten-offen","8":"product_tag-modularer-kongress-zur-miete","9":"product_tag-modularer-messestand","10":"product_tag-modularer-paketstander-de","11":"product_tag-paketstander","13":"first","14":"instock","15":"shipping-taxable","16":"product-type-simple"},"_links":{"self":[{"href":"https:\/\/plusstand.com\/de\/wp-json\/wp\/v2\/product\/12482","targetHints":{"allow":["GET"]}}],"collection":[{"href":"https:\/\/plusstand.com\/de\/wp-json\/wp\/v2\/product"}],"about":[{"href":"https:\/\/plusstand.com\/de\/wp-json\/wp\/v2\/types\/product"}],"wp:featuredmedia":[{"embeddable":true,"href":"https:\/\/plusstand.com\/de\/wp-json\/wp\/v2\/media\/12490"}],"wp:attachment":[{"href":"https:\/\/plusstand.com\/de\/wp-json\/wp\/v2\/media?parent=12482"}],"wp:term":[{"taxonomy":"product_brand","embeddable":true,"href":"https:\/\/plusstand.com\/de\/wp-json\/wp\/v2\/product_brand?post=12482"},{"taxonomy":"product_cat","embeddable":true,"href":"https:\/\/plusstand.com\/de\/wp-json\/wp\/v2\/product_cat?post=12482"},{"taxonomy":"product_tag","embeddable":true,"href":"https:\/\/plusstand.com\/de\/wp-json\/wp\/v2\/product_tag?post=12482"}],"curies":[{"name":"wp","href":"https:\/\/api.w.org\/{rel}","templated":true}]}}