{"id":12477,"date":"2024-05-31T17:08:20","date_gmt":"2024-05-31T14:08:20","guid":{"rendered":"https:\/\/plusstand.com\/referanslar\/vier-seiten-4x4-paketstaender\/"},"modified":"2024-05-31T17:08:20","modified_gmt":"2024-05-31T14:08:20","slug":"vier-seiten-4x4-paketstaender","status":"publish","type":"product","link":"https:\/\/plusstand.com\/de\/referanslar\/vier-seiten-4x4-paketstaender\/","title":{"rendered":"Vier Seiten 4&#215;4 Paketst\u00e4nder"},"content":{"rendered":"[:en] <strong>Stand-Features<\/strong><\/p>\n<ul>\n<li><strong>Fassade<\/strong>: Vierseitig offen<\/li>\n<li><strong>Standgr\u00f6\u00dfe<\/strong>: 4 m x 4 m<\/li>\n<li><strong>H\u00f6he<\/strong>: 3m<\/li>\n<\/ul>\n[:]\n","protected":false},"excerpt":{"rendered":"[:en] <strong>Stand-Code: ps-010-04-4&#215;4<\/strong><\/p>\n<p>Die Preise gelten f\u00fcr Installationen in Istanbul. F\u00fcr Installationen au\u00dferhalb Istanbuls wenden Sie sich bitte an unseren Vertreter.<\/p>\n<p><strong>Telefon: <a href=\"tel:+902122332424\">+90 212 233 24 24<\/a><\/strong><\/p>\n<p>&nbsp;[:]\n","protected":false},"featured_media":0,"template":"","meta":[],"product_brand":[],"product_cat":[1720],"product_tag":[1727,1725,1851,1855,1856],"class_list":{"0":"post-12477","1":"product","2":"type-product","3":"status-publish","5":"product_cat-paket-stander","6":"product_tag-modularer-messestand","7":"product_tag-modularer-mietstander","8":"product_tag-modularer-paketstander-de","9":"product_tag-vierseitig","10":"product_tag-vierseitig-offen","12":"first","13":"instock","14":"shipping-taxable","15":"product-type-simple"},"_links":{"self":[{"href":"https:\/\/plusstand.com\/de\/wp-json\/wp\/v2\/product\/12477","targetHints":{"allow":["GET"]}}],"collection":[{"href":"https:\/\/plusstand.com\/de\/wp-json\/wp\/v2\/product"}],"about":[{"href":"https:\/\/plusstand.com\/de\/wp-json\/wp\/v2\/types\/product"}],"wp:attachment":[{"href":"https:\/\/plusstand.com\/de\/wp-json\/wp\/v2\/media?parent=12477"}],"wp:term":[{"taxonomy":"product_brand","embeddable":true,"href":"https:\/\/plusstand.com\/de\/wp-json\/wp\/v2\/product_brand?post=12477"},{"taxonomy":"product_cat","embeddable":true,"href":"https:\/\/plusstand.com\/de\/wp-json\/wp\/v2\/product_cat?post=12477"},{"taxonomy":"product_tag","embeddable":true,"href":"https:\/\/plusstand.com\/de\/wp-json\/wp\/v2\/product_tag?post=12477"}],"curies":[{"name":"wp","href":"https:\/\/api.w.org\/{rel}","templated":true}]}}