{"id":12474,"date":"2024-05-31T17:08:20","date_gmt":"2024-05-31T14:08:20","guid":{"rendered":"https:\/\/plusstand.com\/referanslar\/einfacher-4x8-paketstaender-vorne\/"},"modified":"2024-05-31T17:08:20","modified_gmt":"2024-05-31T14:08:20","slug":"einfacher-4x8-paketstaender-vorne","status":"publish","type":"product","link":"https:\/\/plusstand.com\/de\/referanslar\/einfacher-4x8-paketstaender-vorne\/","title":{"rendered":"Einfacher 4&#215;8-Paketst\u00e4nder vorne"},"content":{"rendered":"[:en] <strong>Stand-Features<\/strong><\/p>\n<ul>\n<li><strong>Fassade<\/strong>: Eine Fassade ist offen<\/li>\n<li><strong>Standgr\u00f6\u00dfe<\/strong>: 4mx8m<\/li>\n<li><strong>H\u00f6he<\/strong>: 3m<\/li>\n<\/ul>\n[:]\n","protected":false},"excerpt":{"rendered":"[:en]\n<h4><strong>Standcode: PS-017-01-4&#215;8<\/strong><\/h4>\n<p>Die Preise gelten f\u00fcr Installationen in Istanbul. F\u00fcr Installationen au\u00dferhalb Istanbuls wenden Sie sich bitte an unseren Vertreter.<\/p>\n<h4><strong>Telefon: <\/strong><a href=\"tel:+902122332424\"><br \/>\n  <strong>+90 212 233 24 24<\/strong><br \/>\n<\/a><\/h4>\n[:]\n","protected":false},"featured_media":0,"template":"","meta":[],"product_brand":[],"product_cat":[1720],"product_tag":[1852,1731,1723,1754,1851,1722],"class_list":{"0":"post-12474","1":"product","2":"type-product","3":"status-publish","5":"product_cat-paket-stander","6":"product_tag-eine-fassade-ist-offen","7":"product_tag-einfacher-frontstander","8":"product_tag-mietpaket-stand","9":"product_tag-modularer-kongress-zur-miete","10":"product_tag-modularer-paketstander-de","11":"product_tag-paketstander","13":"first","14":"instock","15":"shipping-taxable","16":"product-type-simple"},"_links":{"self":[{"href":"https:\/\/plusstand.com\/de\/wp-json\/wp\/v2\/product\/12474","targetHints":{"allow":["GET"]}}],"collection":[{"href":"https:\/\/plusstand.com\/de\/wp-json\/wp\/v2\/product"}],"about":[{"href":"https:\/\/plusstand.com\/de\/wp-json\/wp\/v2\/types\/product"}],"wp:attachment":[{"href":"https:\/\/plusstand.com\/de\/wp-json\/wp\/v2\/media?parent=12474"}],"wp:term":[{"taxonomy":"product_brand","embeddable":true,"href":"https:\/\/plusstand.com\/de\/wp-json\/wp\/v2\/product_brand?post=12474"},{"taxonomy":"product_cat","embeddable":true,"href":"https:\/\/plusstand.com\/de\/wp-json\/wp\/v2\/product_cat?post=12474"},{"taxonomy":"product_tag","embeddable":true,"href":"https:\/\/plusstand.com\/de\/wp-json\/wp\/v2\/product_tag?post=12474"}],"curies":[{"name":"wp","href":"https:\/\/api.w.org\/{rel}","templated":true}]}}