{"id":12361,"date":"2024-05-31T17:06:57","date_gmt":"2024-05-31T14:06:57","guid":{"rendered":"https:\/\/plusstand.com\/referanslar\/zweiseitiger-3x4-paketstaender\/"},"modified":"2024-05-31T17:06:57","modified_gmt":"2024-05-31T14:06:57","slug":"zweiseitiger-3x4-paketstaender","status":"publish","type":"product","link":"https:\/\/plusstand.com\/de\/referanslar\/zweiseitiger-3x4-paketstaender\/","title":{"rendered":"Zweiseitiger 3&#215;4-Paketst\u00e4nder"},"content":{"rendered":"[:en] <strong>Stand-Features<\/strong><\/p>\n<ul>\n<li><strong>Fassade<\/strong>: Eine Fassade ist offen<\/li>\n<li><strong>Standgr\u00f6\u00dfe<\/strong>: 3mx4m<\/li>\n<li><strong>H\u00f6he<\/strong>: 3m<\/li>\n<\/ul>\n[:]\n","protected":false},"excerpt":{"rendered":"[:en] <strong>Stand-Code: PS-002-02-3&#215;4<\/strong><\/p>\n<p>Die Preise gelten f\u00fcr Installationen in Istanbul. F\u00fcr Installationen au\u00dferhalb Istanbuls wenden Sie sich bitte an unseren Vertreter.<\/p>\n<p><strong>Telefon: <a href=\"tel:+902122332424\">+90 212 233 24 24<\/a><\/strong><\/p>\n<p>&nbsp;[:]\n","protected":false},"featured_media":0,"template":"","meta":[],"product_brand":[],"product_cat":[1720],"product_tag":[1763,1764,1728,1730,1726,1735],"class_list":{"0":"post-12361","1":"product","2":"type-product","3":"status-publish","5":"product_cat-paket-stander","6":"product_tag-beidseitig-offener-standfus","7":"product_tag-beidseitiger-stander","8":"product_tag-modulare-vermietung","9":"product_tag-modularer-stander","10":"product_tag-stand-zu-vermieten","11":"product_tag-vermietung-kongressstand","13":"first","14":"instock","15":"shipping-taxable","16":"product-type-simple"},"_links":{"self":[{"href":"https:\/\/plusstand.com\/de\/wp-json\/wp\/v2\/product\/12361","targetHints":{"allow":["GET"]}}],"collection":[{"href":"https:\/\/plusstand.com\/de\/wp-json\/wp\/v2\/product"}],"about":[{"href":"https:\/\/plusstand.com\/de\/wp-json\/wp\/v2\/types\/product"}],"wp:attachment":[{"href":"https:\/\/plusstand.com\/de\/wp-json\/wp\/v2\/media?parent=12361"}],"wp:term":[{"taxonomy":"product_brand","embeddable":true,"href":"https:\/\/plusstand.com\/de\/wp-json\/wp\/v2\/product_brand?post=12361"},{"taxonomy":"product_cat","embeddable":true,"href":"https:\/\/plusstand.com\/de\/wp-json\/wp\/v2\/product_cat?post=12361"},{"taxonomy":"product_tag","embeddable":true,"href":"https:\/\/plusstand.com\/de\/wp-json\/wp\/v2\/product_tag?post=12361"}],"curies":[{"name":"wp","href":"https:\/\/api.w.org\/{rel}","templated":true}]}}