{"id":12355,"date":"2024-05-31T17:06:56","date_gmt":"2024-05-31T14:06:56","guid":{"rendered":"https:\/\/plusstand.com\/referanslar\/dreiseitiger-3x4-paketstaender\/"},"modified":"2024-05-31T17:06:56","modified_gmt":"2024-05-31T14:06:56","slug":"dreiseitiger-3x4-paketstaender","status":"publish","type":"product","link":"https:\/\/plusstand.com\/de\/referanslar\/dreiseitiger-3x4-paketstaender\/","title":{"rendered":"Dreiseitiger 3&#215;4-Paketst\u00e4nder"},"content":{"rendered":"[:en] <strong>Stand-Features<\/strong><\/p>\n<ul>\n<li><strong>Vorderseite:<\/strong> Dreiseitig offen<\/li>\n<li><strong>Standgr\u00f6\u00dfe<\/strong>: 3mx4m<\/li>\n<li><strong>H\u00f6he<\/strong>: 3m<\/li>\n<\/ul>\n[:]\n","protected":false},"excerpt":{"rendered":"[:en] <strong>Standcode: PS-003-03-3&#215;4<\/strong><\/p>\n<p>Die Preise gelten f\u00fcr Installationen in Istanbul. F\u00fcr Installationen au\u00dferhalb Istanbuls wenden Sie sich bitte an unseren Vertreter.<\/p>\n<p><strong>Telefon: <a href=\"tel:+902122332424\">+90 212 233 24 24<\/a><\/strong><\/p>\n<p>&nbsp;[:]\n","protected":false},"featured_media":12356,"template":"","meta":[],"product_brand":[],"product_cat":[1720],"product_tag":[1758,1755,1752,1728,1754,1726],"class_list":{"0":"post-12355","1":"product","2":"type-product","3":"status-publish","4":"has-post-thumbnail","6":"product_cat-paket-stander","7":"product_tag-dreiseitig-offener-stander","8":"product_tag-dreiseitiger-stander","9":"product_tag-heim","10":"product_tag-modulare-vermietung","11":"product_tag-modularer-kongress-zur-miete","12":"product_tag-stand-zu-vermieten","14":"first","15":"instock","16":"shipping-taxable","17":"product-type-simple"},"_links":{"self":[{"href":"https:\/\/plusstand.com\/de\/wp-json\/wp\/v2\/product\/12355","targetHints":{"allow":["GET"]}}],"collection":[{"href":"https:\/\/plusstand.com\/de\/wp-json\/wp\/v2\/product"}],"about":[{"href":"https:\/\/plusstand.com\/de\/wp-json\/wp\/v2\/types\/product"}],"wp:featuredmedia":[{"embeddable":true,"href":"https:\/\/plusstand.com\/de\/wp-json\/wp\/v2\/media\/12356"}],"wp:attachment":[{"href":"https:\/\/plusstand.com\/de\/wp-json\/wp\/v2\/media?parent=12355"}],"wp:term":[{"taxonomy":"product_brand","embeddable":true,"href":"https:\/\/plusstand.com\/de\/wp-json\/wp\/v2\/product_brand?post=12355"},{"taxonomy":"product_cat","embeddable":true,"href":"https:\/\/plusstand.com\/de\/wp-json\/wp\/v2\/product_cat?post=12355"},{"taxonomy":"product_tag","embeddable":true,"href":"https:\/\/plusstand.com\/de\/wp-json\/wp\/v2\/product_tag?post=12355"}],"curies":[{"name":"wp","href":"https:\/\/api.w.org\/{rel}","templated":true}]}}