{"id":12348,"date":"2024-05-31T17:06:55","date_gmt":"2024-05-31T14:06:55","guid":{"rendered":"https:\/\/plusstand.com\/referanslar\/3x4-paketstaender-mit-einer-front-3\/"},"modified":"2024-05-31T17:06:55","modified_gmt":"2024-05-31T14:06:55","slug":"3x4-paketstaender-mit-einer-front-3","status":"publish","type":"product","link":"https:\/\/plusstand.com\/de\/referanslar\/3x4-paketstaender-mit-einer-front-3\/","title":{"rendered":"3&#215;4 Paketst\u00e4nder mit einer Front"},"content":{"rendered":"[:en] <strong>Stand-Features<\/strong><\/p>\n<ul>\n<li><strong>Fassade<\/strong>: Eine Fassade ist offen<\/li>\n<li><strong>Standgr\u00f6\u00dfe<\/strong>: 3mx4m<\/li>\n<li><strong>H\u00f6he<\/strong>: 3m<\/li>\n<\/ul>\n[:]\n","protected":false},"excerpt":{"rendered":"[:en] <strong>Stand-Code: ps-004-01-3&#215;4<\/strong><\/p>\n<p>Die Preise gelten f\u00fcr Installationen in Istanbul. F\u00fcr Installationen au\u00dferhalb Istanbuls wenden Sie sich bitte an unseren Vertreter.<\/p>\n<p><strong>Telefon: <a href=\"tel:+902122332424\">+90 212 233 24 24<\/a><\/strong><\/p>\n<p>&nbsp;[:]\n","protected":false},"featured_media":12353,"template":"","meta":[],"product_brand":[],"product_cat":[1720],"product_tag":[1731,1730,1722,1740,1745,1746],"class_list":{"0":"post-12348","1":"product","2":"type-product","3":"status-publish","4":"has-post-thumbnail","6":"product_cat-paket-stander","7":"product_tag-einfacher-frontstander","8":"product_tag-modularer-stander","9":"product_tag-paketstander","10":"product_tag-stand-mit-geoffneter-fassade","11":"product_tag-stnad-zu-vermieten","12":"product_tag-vermietung-von-messestanden","14":"first","15":"instock","16":"shipping-taxable","17":"product-type-simple"},"_links":{"self":[{"href":"https:\/\/plusstand.com\/de\/wp-json\/wp\/v2\/product\/12348","targetHints":{"allow":["GET"]}}],"collection":[{"href":"https:\/\/plusstand.com\/de\/wp-json\/wp\/v2\/product"}],"about":[{"href":"https:\/\/plusstand.com\/de\/wp-json\/wp\/v2\/types\/product"}],"wp:featuredmedia":[{"embeddable":true,"href":"https:\/\/plusstand.com\/de\/wp-json\/wp\/v2\/media\/12353"}],"wp:attachment":[{"href":"https:\/\/plusstand.com\/de\/wp-json\/wp\/v2\/media?parent=12348"}],"wp:term":[{"taxonomy":"product_brand","embeddable":true,"href":"https:\/\/plusstand.com\/de\/wp-json\/wp\/v2\/product_brand?post=12348"},{"taxonomy":"product_cat","embeddable":true,"href":"https:\/\/plusstand.com\/de\/wp-json\/wp\/v2\/product_cat?post=12348"},{"taxonomy":"product_tag","embeddable":true,"href":"https:\/\/plusstand.com\/de\/wp-json\/wp\/v2\/product_tag?post=12348"}],"curies":[{"name":"wp","href":"https:\/\/api.w.org\/{rel}","templated":true}]}}