{"id":12345,"date":"2024-05-31T17:06:54","date_gmt":"2024-05-31T14:06:54","guid":{"rendered":"https:\/\/plusstand.com\/referanslar\/einfacher-3x3-paketstaender-vorne\/"},"modified":"2024-05-31T17:06:54","modified_gmt":"2024-05-31T14:06:54","slug":"einfacher-3x3-paketstaender-vorne","status":"publish","type":"product","link":"https:\/\/plusstand.com\/de\/referanslar\/einfacher-3x3-paketstaender-vorne\/","title":{"rendered":"Einfacher 3&#215;3-Paketst\u00e4nder vorne"},"content":{"rendered":"[:en] <strong>Stand-Features<\/strong><\/p>\n<ul>\n<li><strong>Fassade<\/strong>: Eine Fassade ist offen<\/li>\n<li><strong>Standgr\u00f6\u00dfe<\/strong>: 3mx3m<\/li>\n<li><strong>H\u00f6he<\/strong>: 3m<\/li>\n<\/ul>\n[:]\n","protected":false},"excerpt":{"rendered":"[:en] <strong>Stand-Code: ps-006-01-3&#215;3<\/strong><\/p>\n<p>Die Preise gelten f\u00fcr Installationen in Istanbul. F\u00fcr Installationen au\u00dferhalb Istanbuls wenden Sie sich bitte an unseren Vertreter.<\/p>\n<p><strong>Telefon: <a href=\"tel:+902122332424\">+90 212 233 24 24<\/a><\/strong><\/p>\n<p>&nbsp;[:]\n","protected":false},"featured_media":0,"template":"","meta":[],"product_brand":[],"product_cat":[1720],"product_tag":[1731,1721,1723,1727,1725,1734,1729],"class_list":{"0":"post-12345","1":"product","2":"type-product","3":"status-publish","5":"product_cat-paket-stander","6":"product_tag-einfacher-frontstander","7":"product_tag-kongress-stand","8":"product_tag-mietpaket-stand","9":"product_tag-modularer-messestand","10":"product_tag-modularer-mietstander","11":"product_tag-offener-stander-mit-einer-vorderseite-de","12":"product_tag-plusstand-paket-de","14":"first","15":"instock","16":"shipping-taxable","17":"product-type-simple"},"_links":{"self":[{"href":"https:\/\/plusstand.com\/de\/wp-json\/wp\/v2\/product\/12345","targetHints":{"allow":["GET"]}}],"collection":[{"href":"https:\/\/plusstand.com\/de\/wp-json\/wp\/v2\/product"}],"about":[{"href":"https:\/\/plusstand.com\/de\/wp-json\/wp\/v2\/types\/product"}],"wp:attachment":[{"href":"https:\/\/plusstand.com\/de\/wp-json\/wp\/v2\/media?parent=12345"}],"wp:term":[{"taxonomy":"product_brand","embeddable":true,"href":"https:\/\/plusstand.com\/de\/wp-json\/wp\/v2\/product_brand?post=12345"},{"taxonomy":"product_cat","embeddable":true,"href":"https:\/\/plusstand.com\/de\/wp-json\/wp\/v2\/product_cat?post=12345"},{"taxonomy":"product_tag","embeddable":true,"href":"https:\/\/plusstand.com\/de\/wp-json\/wp\/v2\/product_tag?post=12345"}],"curies":[{"name":"wp","href":"https:\/\/api.w.org\/{rel}","templated":true}]}}