{"id":12156,"date":"2024-05-31T16:46:26","date_gmt":"2024-05-31T13:46:26","guid":{"rendered":"https:\/\/plusstand.com\/ueber-uns\/"},"modified":"2024-05-31T16:46:26","modified_gmt":"2024-05-31T13:46:26","slug":"ueber-uns","status":"publish","type":"page","link":"https:\/\/plusstand.com\/de\/ueber-uns\/","title":{"rendered":"\u00dcber uns"},"content":{"rendered":"\n\n\t<section class=\"section\" id=\"section_1426476146\">\n\t\t<div class=\"section-bg fill\" >\n\t\t\t\t\t\t\t\t\t<div class=\"section-bg-overlay absolute fill\"><\/div>\n\t\t\t\n\n\t\t<\/div>\n\n\t\t\n\n\t\t<div class=\"section-content relative\">\n\t\t\t\n\n<div class=\"row row-collapse row-full-width align-center\"  id=\"row-658432563\">\n\n\n\t<div id=\"col-1781924504\" class=\"col large-12\"  >\n\t\t\t\t<div class=\"col-inner\"  >\n\t\t\t\n\t\t\t\n\n\t<div id=\"gap-416062045\" class=\"gap-element clearfix\" style=\"display:block; height:auto;\">\n\t\t\n<style>\n#gap-416062045 {\n  padding-top: 40px;\n}\n<\/style>\n\t<\/div>\n\t\n\n\n\t\t<\/div>\n\t\t\t\t\t<\/div>\n\n\t\n\n<\/div>\n\t<div id=\"gap-1127258175\" class=\"gap-element clearfix\" style=\"display:block; height:auto;\">\n\t\t\n<style>\n#gap-1127258175 {\n  padding-top: 20px;\n}\n<\/style>\n\t<\/div>\n\t\n\n\n\t\t<\/div>\n\n\t\t\n<style>\n#section_1426476146 {\n  padding-top: 0px;\n  padding-bottom: 0px;\n  background-color: rgb(193, 193, 193);\n}\n#section_1426476146 .section-bg-overlay {\n  background-color: rgba(255, 255, 255, 0.85);\n}\n<\/style>\n\t<\/section>\n\t\n\n\t<section class=\"section\" id=\"section_434786728\">\n\t\t<div class=\"section-bg fill\" >\n\t\t\t\t\t\t\t\t\t\n\t\t\t\n\n\t\t<\/div>\n\n\t\t\n\n\t\t<div class=\"section-content relative\">\n\t\t\t\n\n<div class=\"row\"  id=\"row-1553453586\">\n\n\n\t<div id=\"col-1689688746\" class=\"col medium-6 small-12 large-6\"  >\n\t\t\t\t<div class=\"col-inner\"  >\n\t\t\t\n\t\t\t\n\n\t<div class=\"img has-hover x md-x lg-x y md-y lg-y\" id=\"image_1916905408\">\n\t\t\t\t\t\t\t\t<div class=\"img-inner dark\" >\n\t\t\t<img loading=\"lazy\" decoding=\"async\" width=\"500\" height=\"281\" src=\"https:\/\/plusstand.com\/wp-content\/uploads\/2020\/05\/3Vodafone-\u0130\u015f-Orta\u011f\u0131m-Plus-Stand_Moment-1024x576.jpg\" class=\"attachment-large size-large\" alt=\"\" srcset=\"https:\/\/plusstand.com\/wp-content\/uploads\/2020\/05\/3Vodafone-\u0130\u015f-Orta\u011f\u0131m-Plus-Stand_Moment-1024x576.jpg 1024w, https:\/\/plusstand.com\/wp-content\/uploads\/2020\/05\/3Vodafone-\u0130\u015f-Orta\u011f\u0131m-Plus-Stand_Moment-300x169.jpg 300w, https:\/\/plusstand.com\/wp-content\/uploads\/2020\/05\/3Vodafone-\u0130\u015f-Orta\u011f\u0131m-Plus-Stand_Moment-768x432.jpg 768w, https:\/\/plusstand.com\/wp-content\/uploads\/2020\/05\/3Vodafone-\u0130\u015f-Orta\u011f\u0131m-Plus-Stand_Moment-500x281.jpg 500w, https:\/\/plusstand.com\/wp-content\/uploads\/2020\/05\/3Vodafone-\u0130\u015f-Orta\u011f\u0131m-Plus-Stand_Moment-1000x563.jpg 1000w, https:\/\/plusstand.com\/wp-content\/uploads\/2020\/05\/3Vodafone-\u0130\u015f-Orta\u011f\u0131m-Plus-Stand_Moment.jpg 1280w\" sizes=\"auto, (max-width: 500px) 100vw, 500px\" title=\"\">\t\t\t\t\t\t\n\t\t\t\t\t<\/div>\n\t\t\t\t\t\t\t\t\n<style>\n#image_1916905408 {\n  width: 100%;\n}\n<\/style>\n\t<\/div>\n\t\n\n\n\t\t<\/div>\n\t\t\t\t\t<\/div>\n\n\t\n\n\t<div id=\"col-1077107273\" class=\"col medium-6 small-12 large-6\"  >\n\t\t\t\t<div class=\"col-inner\"  >\n\t\t\t\n\t\t\t\n\n<p><span style=\"color: #333333;\">Unser Unternehmen wurde 1997 von dem Architekten Samim \u00d6zt\u00fcrk, einem Absolventen der Technischen Universit\u00e4t Y\u0131ld\u0131z, gegr\u00fcndet. <\/span><\/p>\n<p><span style=\"color: #333333;\">Nachdem er jahrelang als Mavi Architectural Design spezielle Designst\u00e4nde gemacht hatte, f\u00fchrte er zusammen mit seinen Partnern das Plusstand-System ein.<\/span><\/p>\n<p><span style=\"color: #333333;\"> Plusstand Mimari Tasar\u0131m A.\u015e. wurde als Name des Unternehmens aktualisiert, da die Marke Plusstand den Vorrang vor dem Namen des Unternehmens erhalten hat.<\/span><\/p>\n<p><span style=\"color: #333333;\">Mit der Zeit ist der Name der Marke zum Namen des Produkts geworden. <\/span><\/p>\n<p> <\/p>\n\n\t\t<\/div>\n\t\t\t\t\t<\/div>\n\n\t\n\n<\/div>\n\n\t\t<\/div>\n\n\t\t\n<style>\n#section_434786728 {\n  padding-top: 30px;\n  padding-bottom: 30px;\n}\n<\/style>\n\t<\/section>\n\t\n\n","protected":false},"excerpt":{"rendered":"","protected":false},"author":1,"featured_media":0,"parent":0,"menu_order":0,"comment_status":"closed","ping_status":"closed","template":"page-blank.php","meta":{"footnotes":""},"class_list":["post-12156","page","type-page","status-publish","hentry"],"_links":{"self":[{"href":"https:\/\/plusstand.com\/de\/wp-json\/wp\/v2\/pages\/12156","targetHints":{"allow":["GET"]}}],"collection":[{"href":"https:\/\/plusstand.com\/de\/wp-json\/wp\/v2\/pages"}],"about":[{"href":"https:\/\/plusstand.com\/de\/wp-json\/wp\/v2\/types\/page"}],"author":[{"embeddable":true,"href":"https:\/\/plusstand.com\/de\/wp-json\/wp\/v2\/users\/1"}],"replies":[{"embeddable":true,"href":"https:\/\/plusstand.com\/de\/wp-json\/wp\/v2\/comments?post=12156"}],"version-history":[{"count":1,"href":"https:\/\/plusstand.com\/de\/wp-json\/wp\/v2\/pages\/12156\/revisions"}],"predecessor-version":[{"id":12157,"href":"https:\/\/plusstand.com\/de\/wp-json\/wp\/v2\/pages\/12156\/revisions\/12157"}],"wp:attachment":[{"href":"https:\/\/plusstand.com\/de\/wp-json\/wp\/v2\/media?parent=12156"}],"curies":[{"name":"wp","href":"https:\/\/api.w.org\/{rel}","templated":true}]}}