{"id":11389,"date":"2024-05-31T16:20:12","date_gmt":"2024-05-31T13:20:12","guid":{"rendered":"https:\/\/plusstand.com\/nachrichten\/"},"modified":"2024-05-31T16:20:12","modified_gmt":"2024-05-31T13:20:12","slug":"nachrichten","status":"publish","type":"page","link":"https:\/\/plusstand.com\/de\/nachrichten\/","title":{"rendered":"Nachrichten"},"content":{"rendered":"\n\t<section class=\"section\" id=\"section_1576479832\">\n\t\t<div class=\"section-bg fill\" >\n\t\t\t\t\t\t\t\t\t<div class=\"section-bg-overlay absolute fill\"><\/div>\n\t\t\t\n\n\t\t<\/div>\n\n\t\t\n\n\t\t<div class=\"section-content relative\">\n\t\t\t\n<div class=\"row row-collapse row-full-width align-center\"  id=\"row-1450743157\">\n\n\t<div id=\"col-506363621\" class=\"col large-12\"  >\n\t\t\t\t<div class=\"col-inner\"  >\n\t\t\t\n\t\t\t\n\n  <div class=\"banner has-hover\" id=\"banner-2074721799\">\n          <div class=\"banner-inner fill\">\n        <div class=\"banner-bg fill\" >\n                                                \n                    <\/div>\n\t\t\n        <div class=\"banner-layers container\">\n            <div class=\"fill banner-link\"><\/div>            \n        <\/div>\n      <\/div>\n\n            \n<style>\n#banner-2074721799 {\n  padding-top: 175px;\n  background-color: rgb(255, 255, 255);\n}\n<\/style>\n  <\/div>\n\n\n\t\t<\/div>\n\t\t\t\t\t<\/div>\n\n\t\n\n\t<div id=\"col-923065977\" class=\"col medium-7 small-12 large-7\"  >\n\t\t\t\t<div class=\"col-inner text-center\"  >\n\t\t\t\n\t\t\t\n<h1> <\/h1>\n<h1 style=\"font-weight: 300; font-size: 3.8em; text-align: center;\"><span style=\"color: #000;\">Nachrichten<\/span><\/h1>\n<h1 style=\"font-weight: 300; font-size: 1.8em; text-align: center;\"><span style=\"color: #000000;\">Sie k\u00f6nnen sich die Nachrichten ansehen, die Sie interessieren k\u00f6nnten.<\/span><\/h1>\n<h1> <\/h1>\n\t\t<\/div>\n\t\t\t\t\t<\/div>\n\n\t\n<\/div>\n\t\t<\/div>\n\n\t\t\n<style>\n#section_1576479832 {\n  padding-top: 0px;\n  padding-bottom: 0px;\n  background-color: rgb(193, 193, 193);\n}\n#section_1576479832 .section-bg-overlay {\n  background-color: rgba(255, 255, 255, 0.85);\n}\n<\/style>\n\t<\/section>\n\t\n\n\t<section class=\"section\" id=\"section_1370135921\">\n\t\t<div class=\"section-bg fill\" >\n\t\t\t\t\t\t\t\t\t\n\t\t\t\n\t<div class=\"is-border\"\n\t\tstyle=\"border-color:rgb(235, 235, 235);border-width:1px 0px 0px 0px;\">\n\t<\/div>\n\n\t\t<\/div>\n\n\t\t\n\n\t\t<div class=\"section-content relative\">\n\t\t\t\n\n  \n    <div id=\"row-622143435\" class=\"row large-columns-3 medium-columns- small-columns-1 row-xsmall has-shadow row-box-shadow-1 row-masonry\" data-packery-options='{\"itemSelector\": \".col\", \"gutter\": 0, \"presentageWidth\" : true}'>\n\n  <div class=\"col post-item\" >\n\t\t\t<div class=\"col-inner\">\n\t\t\t\t<div class=\"box box-bounce box-text-bottom box-blog-post has-hover\">\n            \t\t\t\t\t<div class=\"box-image\" style=\"border-radius:5%;\">\n  \t\t\t\t\t\t<div class=\"image-cover\" style=\"padding-top:80%;\">\n\t\t\t\t\t\t\t<a href=\"https:\/\/plusstand.com\/de\/plusstand-erhielt-arbeitsschutzschulung-und-zertifikat\/\" class=\"plain\" aria-label=\"Plusstand erhielt Arbeitsschutzschulung und Zertifikat\">\n\t\t\t\t\t\t\t\t<img loading=\"lazy\" decoding=\"async\" width=\"500\" height=\"333\" src=\"https:\/\/plusstand.com\/wp-content\/uploads\/2016\/09\/i\u015f-g\u00fcvenli\u011fi-e\u011fitimi-sertifikas\u0131.jpg\" class=\"attachment-large size-large wp-post-image\" alt=\"\" srcset=\"https:\/\/plusstand.com\/wp-content\/uploads\/2016\/09\/i\u015f-g\u00fcvenli\u011fi-e\u011fitimi-sertifikas\u0131.jpg 750w, https:\/\/plusstand.com\/wp-content\/uploads\/2016\/09\/i\u015f-g\u00fcvenli\u011fi-e\u011fitimi-sertifikas\u0131-500x333.jpg 500w, https:\/\/plusstand.com\/wp-content\/uploads\/2016\/09\/i\u015f-g\u00fcvenli\u011fi-e\u011fitimi-sertifikas\u0131-600x400.jpg 600w, https:\/\/plusstand.com\/wp-content\/uploads\/2016\/09\/i\u015f-g\u00fcvenli\u011fi-e\u011fitimi-sertifikas\u0131-300x200.jpg 300w\" sizes=\"auto, (max-width: 500px) 100vw, 500px\" title=\"\">\t\t\t\t\t\t\t<\/a>\n  \t\t\t\t\t\t\t  \t\t\t\t\t\t\t  \t\t\t\t\t\t<\/div>\n  \t\t\t\t\t\t  \t\t\t\t\t<\/div>\n          \t\t\t\t\t<div class=\"box-text text-center\" >\n\t\t\t\t\t<div class=\"box-text-inner blog-post-inner\">\n\n\t\t\t\t\t\n\t\t\t\t\t\t\t\t\t\t<h5 class=\"post-title is-larger \">\n\t\t\t\t\t\t<a href=\"https:\/\/plusstand.com\/de\/plusstand-erhielt-arbeitsschutzschulung-und-zertifikat\/\" class=\"plain\">Plusstand erhielt Arbeitsschutzschulung und Zertifikat<\/a>\n\t\t\t\t\t<\/h5>\n\t\t\t\t\t\t\t\t\t\t<div class=\"is-divider\"><\/div>\n\t\t\t\t\t                    \n\t\t\t\t\t\t\t\t\t\t\t<a href=\"https:\/\/plusstand.com\/de\/plusstand-erhielt-arbeitsschutzschulung-und-zertifikat\/\" class=\"button  is-underline is-small mb-0\">\n\t\t\t\t\t\t\tDevam\u0131n\u0131 Oku\t\t\t\t\t\t<\/a>\n\t\t\t\t\t\n\t\t\t\t\t\n\t\t\t\t\t<\/div>\n\t\t\t\t\t<\/div>\n\t\t\t\t\t\t\t\t\t<\/div>\n\t\t\t<\/div>\n\t\t<\/div><div class=\"col post-item\" >\n\t\t\t<div class=\"col-inner\">\n\t\t\t\t<div class=\"box box-bounce box-text-bottom box-blog-post has-hover\">\n            \t\t\t\t\t<div class=\"box-image\" style=\"border-radius:5%;\">\n  \t\t\t\t\t\t<div class=\"image-cover\" style=\"padding-top:80%;\">\n\t\t\t\t\t\t\t<a href=\"https:\/\/plusstand.com\/de\/plusstand-traditionelle-verabschiedung-vom-sommer\/\" class=\"plain\" aria-label=\"Plusstand Traditionelle Verabschiedung vom Sommer\">\n\t\t\t\t\t\t\t\t<img loading=\"lazy\" decoding=\"async\" width=\"500\" height=\"333\" src=\"https:\/\/plusstand.com\/wp-content\/uploads\/2016\/09\/geleneksel-yaza-veda.jpg\" class=\"attachment-large size-large wp-post-image\" alt=\"\" srcset=\"https:\/\/plusstand.com\/wp-content\/uploads\/2016\/09\/geleneksel-yaza-veda.jpg 750w, https:\/\/plusstand.com\/wp-content\/uploads\/2016\/09\/geleneksel-yaza-veda-500x333.jpg 500w, https:\/\/plusstand.com\/wp-content\/uploads\/2016\/09\/geleneksel-yaza-veda-600x400.jpg 600w, https:\/\/plusstand.com\/wp-content\/uploads\/2016\/09\/geleneksel-yaza-veda-300x200.jpg 300w\" sizes=\"auto, (max-width: 500px) 100vw, 500px\" title=\"\">\t\t\t\t\t\t\t<\/a>\n  \t\t\t\t\t\t\t  \t\t\t\t\t\t\t  \t\t\t\t\t\t<\/div>\n  \t\t\t\t\t\t  \t\t\t\t\t<\/div>\n          \t\t\t\t\t<div class=\"box-text text-center\" >\n\t\t\t\t\t<div class=\"box-text-inner blog-post-inner\">\n\n\t\t\t\t\t\n\t\t\t\t\t\t\t\t\t\t<h5 class=\"post-title is-larger \">\n\t\t\t\t\t\t<a href=\"https:\/\/plusstand.com\/de\/plusstand-traditionelle-verabschiedung-vom-sommer\/\" class=\"plain\">Plusstand Traditionelle Verabschiedung vom Sommer<\/a>\n\t\t\t\t\t<\/h5>\n\t\t\t\t\t\t\t\t\t\t<div class=\"is-divider\"><\/div>\n\t\t\t\t\t                    \n\t\t\t\t\t\t\t\t\t\t\t<a href=\"https:\/\/plusstand.com\/de\/plusstand-traditionelle-verabschiedung-vom-sommer\/\" class=\"button  is-underline is-small mb-0\">\n\t\t\t\t\t\t\tDevam\u0131n\u0131 Oku\t\t\t\t\t\t<\/a>\n\t\t\t\t\t\n\t\t\t\t\t\n\t\t\t\t\t<\/div>\n\t\t\t\t\t<\/div>\n\t\t\t\t\t\t\t\t\t<\/div>\n\t\t\t<\/div>\n\t\t<\/div><div class=\"col post-item\" >\n\t\t\t<div class=\"col-inner\">\n\t\t\t\t<div class=\"box box-bounce box-text-bottom box-blog-post has-hover\">\n            \t\t\t\t\t<div class=\"box-image\" style=\"border-radius:5%;\">\n  \t\t\t\t\t\t<div class=\"image-cover\" style=\"padding-top:80%;\">\n\t\t\t\t\t\t\t<a href=\"https:\/\/plusstand.com\/de\/plusstand-rd-jahr-schwarzes-profil-neues-design-staender\/\" class=\"plain\" aria-label=\"Plusstand R&amp;D Jahr Schwarzes Profil Neues Design St\u00e4nder\">\n\t\t\t\t\t\t\t\t<img loading=\"lazy\" decoding=\"async\" width=\"500\" height=\"333\" src=\"https:\/\/plusstand.com\/wp-content\/uploads\/2016\/09\/PLUSSTAND-2015-ARGE-YILI-S\u0130YAH-PROF\u0130L-YEN\u0130-TASARIM-STAND.jpg\" class=\"attachment-large size-large wp-post-image\" alt=\"\" srcset=\"https:\/\/plusstand.com\/wp-content\/uploads\/2016\/09\/PLUSSTAND-2015-ARGE-YILI-S\u0130YAH-PROF\u0130L-YEN\u0130-TASARIM-STAND.jpg 750w, https:\/\/plusstand.com\/wp-content\/uploads\/2016\/09\/PLUSSTAND-2015-ARGE-YILI-S\u0130YAH-PROF\u0130L-YEN\u0130-TASARIM-STAND-500x333.jpg 500w, https:\/\/plusstand.com\/wp-content\/uploads\/2016\/09\/PLUSSTAND-2015-ARGE-YILI-S\u0130YAH-PROF\u0130L-YEN\u0130-TASARIM-STAND-600x400.jpg 600w, https:\/\/plusstand.com\/wp-content\/uploads\/2016\/09\/PLUSSTAND-2015-ARGE-YILI-S\u0130YAH-PROF\u0130L-YEN\u0130-TASARIM-STAND-300x200.jpg 300w\" sizes=\"auto, (max-width: 500px) 100vw, 500px\" title=\"\">\t\t\t\t\t\t\t<\/a>\n  \t\t\t\t\t\t\t  \t\t\t\t\t\t\t  \t\t\t\t\t\t<\/div>\n  \t\t\t\t\t\t  \t\t\t\t\t<\/div>\n          \t\t\t\t\t<div class=\"box-text text-center\" >\n\t\t\t\t\t<div class=\"box-text-inner blog-post-inner\">\n\n\t\t\t\t\t\n\t\t\t\t\t\t\t\t\t\t<h5 class=\"post-title is-larger \">\n\t\t\t\t\t\t<a href=\"https:\/\/plusstand.com\/de\/plusstand-rd-jahr-schwarzes-profil-neues-design-staender\/\" class=\"plain\">Plusstand R&amp;D Jahr Schwarzes Profil Neues Design St\u00e4nder<\/a>\n\t\t\t\t\t<\/h5>\n\t\t\t\t\t\t\t\t\t\t<div class=\"is-divider\"><\/div>\n\t\t\t\t\t                    \n\t\t\t\t\t\t\t\t\t\t\t<a href=\"https:\/\/plusstand.com\/de\/plusstand-rd-jahr-schwarzes-profil-neues-design-staender\/\" class=\"button  is-underline is-small mb-0\">\n\t\t\t\t\t\t\tDevam\u0131n\u0131 Oku\t\t\t\t\t\t<\/a>\n\t\t\t\t\t\n\t\t\t\t\t\n\t\t\t\t\t<\/div>\n\t\t\t\t\t<\/div>\n\t\t\t\t\t\t\t\t\t<\/div>\n\t\t\t<\/div>\n\t\t<\/div><div class=\"col post-item\" >\n\t\t\t<div class=\"col-inner\">\n\t\t\t\t<div class=\"box box-bounce box-text-bottom box-blog-post has-hover\">\n            \t\t\t\t\t<div class=\"box-image\" style=\"border-radius:5%;\">\n  \t\t\t\t\t\t<div class=\"image-cover\" style=\"padding-top:80%;\">\n\t\t\t\t\t\t\t<a href=\"https:\/\/plusstand.com\/de\/plusstand-sailing-team-nahm-an-der-von-tayk-organisierten-reise-zu-den-marmara-inseln-teil\/\" class=\"plain\" aria-label=\"Plusstand Sailing Team nahm an der von TAYK organisierten Reise zu den Marmara-Inseln teil\">\n\t\t\t\t\t\t\t\t<img loading=\"lazy\" decoding=\"async\" width=\"500\" height=\"333\" src=\"https:\/\/plusstand.com\/wp-content\/uploads\/2016\/09\/plusstand-tayk-gezisine-kat\u0131ld\u0131.jpg\" class=\"attachment-large size-large wp-post-image\" alt=\"\" srcset=\"https:\/\/plusstand.com\/wp-content\/uploads\/2016\/09\/plusstand-tayk-gezisine-kat\u0131ld\u0131.jpg 750w, https:\/\/plusstand.com\/wp-content\/uploads\/2016\/09\/plusstand-tayk-gezisine-kat\u0131ld\u0131-500x333.jpg 500w, https:\/\/plusstand.com\/wp-content\/uploads\/2016\/09\/plusstand-tayk-gezisine-kat\u0131ld\u0131-600x400.jpg 600w, https:\/\/plusstand.com\/wp-content\/uploads\/2016\/09\/plusstand-tayk-gezisine-kat\u0131ld\u0131-300x200.jpg 300w\" sizes=\"auto, (max-width: 500px) 100vw, 500px\" title=\"\">\t\t\t\t\t\t\t<\/a>\n  \t\t\t\t\t\t\t  \t\t\t\t\t\t\t  \t\t\t\t\t\t<\/div>\n  \t\t\t\t\t\t  \t\t\t\t\t<\/div>\n          \t\t\t\t\t<div class=\"box-text text-center\" >\n\t\t\t\t\t<div class=\"box-text-inner blog-post-inner\">\n\n\t\t\t\t\t\n\t\t\t\t\t\t\t\t\t\t<h5 class=\"post-title is-larger \">\n\t\t\t\t\t\t<a href=\"https:\/\/plusstand.com\/de\/plusstand-sailing-team-nahm-an-der-von-tayk-organisierten-reise-zu-den-marmara-inseln-teil\/\" class=\"plain\">Plusstand Sailing Team nahm an der von TAYK organisierten Reise zu den Marmara-Inseln teil<\/a>\n\t\t\t\t\t<\/h5>\n\t\t\t\t\t\t\t\t\t\t<div class=\"is-divider\"><\/div>\n\t\t\t\t\t                    \n\t\t\t\t\t\t\t\t\t\t\t<a href=\"https:\/\/plusstand.com\/de\/plusstand-sailing-team-nahm-an-der-von-tayk-organisierten-reise-zu-den-marmara-inseln-teil\/\" class=\"button  is-underline is-small mb-0\">\n\t\t\t\t\t\t\tDevam\u0131n\u0131 Oku\t\t\t\t\t\t<\/a>\n\t\t\t\t\t\n\t\t\t\t\t\n\t\t\t\t\t<\/div>\n\t\t\t\t\t<\/div>\n\t\t\t\t\t\t\t\t\t<\/div>\n\t\t\t<\/div>\n\t\t<\/div><div class=\"col post-item\" >\n\t\t\t<div class=\"col-inner\">\n\t\t\t\t<div class=\"box box-bounce box-text-bottom box-blog-post has-hover\">\n            \t\t\t\t\t<div class=\"box-image\" style=\"border-radius:5%;\">\n  \t\t\t\t\t\t<div class=\"image-cover\" style=\"padding-top:80%;\">\n\t\t\t\t\t\t\t<a href=\"https:\/\/plusstand.com\/de\/plusstand-erste-hilfe-ausbildung\/\" class=\"plain\" aria-label=\"Plusstand Erste Hilfe Ausbildung\">\n\t\t\t\t\t\t\t\t<img loading=\"lazy\" decoding=\"async\" width=\"500\" height=\"333\" src=\"https:\/\/plusstand.com\/wp-content\/uploads\/2016\/09\/ilkyard\u0131m-e\u011fitimi.jpg\" class=\"attachment-large size-large wp-post-image\" alt=\"\" srcset=\"https:\/\/plusstand.com\/wp-content\/uploads\/2016\/09\/ilkyard\u0131m-e\u011fitimi.jpg 750w, https:\/\/plusstand.com\/wp-content\/uploads\/2016\/09\/ilkyard\u0131m-e\u011fitimi-500x333.jpg 500w, https:\/\/plusstand.com\/wp-content\/uploads\/2016\/09\/ilkyard\u0131m-e\u011fitimi-600x400.jpg 600w, https:\/\/plusstand.com\/wp-content\/uploads\/2016\/09\/ilkyard\u0131m-e\u011fitimi-300x200.jpg 300w\" sizes=\"auto, (max-width: 500px) 100vw, 500px\" title=\"\">\t\t\t\t\t\t\t<\/a>\n  \t\t\t\t\t\t\t  \t\t\t\t\t\t\t  \t\t\t\t\t\t<\/div>\n  \t\t\t\t\t\t  \t\t\t\t\t<\/div>\n          \t\t\t\t\t<div class=\"box-text text-center\" >\n\t\t\t\t\t<div class=\"box-text-inner blog-post-inner\">\n\n\t\t\t\t\t\n\t\t\t\t\t\t\t\t\t\t<h5 class=\"post-title is-larger \">\n\t\t\t\t\t\t<a href=\"https:\/\/plusstand.com\/de\/plusstand-erste-hilfe-ausbildung\/\" class=\"plain\">Plusstand Erste Hilfe Ausbildung<\/a>\n\t\t\t\t\t<\/h5>\n\t\t\t\t\t\t\t\t\t\t<div class=\"is-divider\"><\/div>\n\t\t\t\t\t                    \n\t\t\t\t\t\t\t\t\t\t\t<a href=\"https:\/\/plusstand.com\/de\/plusstand-erste-hilfe-ausbildung\/\" class=\"button  is-underline is-small mb-0\">\n\t\t\t\t\t\t\tDevam\u0131n\u0131 Oku\t\t\t\t\t\t<\/a>\n\t\t\t\t\t\n\t\t\t\t\t\n\t\t\t\t\t<\/div>\n\t\t\t\t\t<\/div>\n\t\t\t\t\t\t\t\t\t<\/div>\n\t\t\t<\/div>\n\t\t<\/div><div class=\"col post-item\" >\n\t\t\t<div class=\"col-inner\">\n\t\t\t\t<div class=\"box box-bounce box-text-bottom box-blog-post has-hover\">\n            \t\t\t\t\t<div class=\"box-image\" style=\"border-radius:5%;\">\n  \t\t\t\t\t\t<div class=\"image-cover\" style=\"padding-top:80%;\">\n\t\t\t\t\t\t\t<a href=\"https:\/\/plusstand.com\/de\/plusstand-sirena-marine-richtet-stand-fuer-cannes-yaching-festival-ein\/\" class=\"plain\" aria-label=\"Plusstand Sirena Marine richtet Stand f\u00fcr Cannes Yaching Festival ein\">\n\t\t\t\t\t\t\t\t<img loading=\"lazy\" decoding=\"async\" width=\"500\" height=\"333\" src=\"https:\/\/plusstand.com\/wp-content\/uploads\/2016\/09\/yachting-festival.jpg\" class=\"attachment-large size-large wp-post-image\" alt=\"\" srcset=\"https:\/\/plusstand.com\/wp-content\/uploads\/2016\/09\/yachting-festival.jpg 750w, https:\/\/plusstand.com\/wp-content\/uploads\/2016\/09\/yachting-festival-500x333.jpg 500w, https:\/\/plusstand.com\/wp-content\/uploads\/2016\/09\/yachting-festival-600x400.jpg 600w, https:\/\/plusstand.com\/wp-content\/uploads\/2016\/09\/yachting-festival-300x200.jpg 300w\" sizes=\"auto, (max-width: 500px) 100vw, 500px\" title=\"\">\t\t\t\t\t\t\t<\/a>\n  \t\t\t\t\t\t\t  \t\t\t\t\t\t\t  \t\t\t\t\t\t<\/div>\n  \t\t\t\t\t\t  \t\t\t\t\t<\/div>\n          \t\t\t\t\t<div class=\"box-text text-center\" >\n\t\t\t\t\t<div class=\"box-text-inner blog-post-inner\">\n\n\t\t\t\t\t\n\t\t\t\t\t\t\t\t\t\t<h5 class=\"post-title is-larger \">\n\t\t\t\t\t\t<a href=\"https:\/\/plusstand.com\/de\/plusstand-sirena-marine-richtet-stand-fuer-cannes-yaching-festival-ein\/\" class=\"plain\">Plusstand Sirena Marine richtet Stand f\u00fcr Cannes Yaching Festival ein<\/a>\n\t\t\t\t\t<\/h5>\n\t\t\t\t\t\t\t\t\t\t<div class=\"is-divider\"><\/div>\n\t\t\t\t\t                    \n\t\t\t\t\t\t\t\t\t\t\t<a href=\"https:\/\/plusstand.com\/de\/plusstand-sirena-marine-richtet-stand-fuer-cannes-yaching-festival-ein\/\" class=\"button  is-underline is-small mb-0\">\n\t\t\t\t\t\t\tDevam\u0131n\u0131 Oku\t\t\t\t\t\t<\/a>\n\t\t\t\t\t\n\t\t\t\t\t\n\t\t\t\t\t<\/div>\n\t\t\t\t\t<\/div>\n\t\t\t\t\t\t\t\t\t<\/div>\n\t\t\t<\/div>\n\t\t<\/div><\/div>\n\t\t<\/div>\n\n\t\t\n<style>\n#section_1370135921 {\n  padding-top: 13px;\n  padding-bottom: 13px;\n  min-height: 300px;\n  background-color: rgb(255, 255, 255);\n}\n<\/style>\n\t<\/section>\n\t\n","protected":false},"excerpt":{"rendered":"","protected":false},"author":1,"featured_media":0,"parent":0,"menu_order":0,"comment_status":"closed","ping_status":"closed","template":"page-transparent-header.php","meta":{"footnotes":""},"class_list":["post-11389","page","type-page","status-publish","hentry"],"_links":{"self":[{"href":"https:\/\/plusstand.com\/de\/wp-json\/wp\/v2\/pages\/11389","targetHints":{"allow":["GET"]}}],"collection":[{"href":"https:\/\/plusstand.com\/de\/wp-json\/wp\/v2\/pages"}],"about":[{"href":"https:\/\/plusstand.com\/de\/wp-json\/wp\/v2\/types\/page"}],"author":[{"embeddable":true,"href":"https:\/\/plusstand.com\/de\/wp-json\/wp\/v2\/users\/1"}],"replies":[{"embeddable":true,"href":"https:\/\/plusstand.com\/de\/wp-json\/wp\/v2\/comments?post=11389"}],"version-history":[{"count":2,"href":"https:\/\/plusstand.com\/de\/wp-json\/wp\/v2\/pages\/11389\/revisions"}],"predecessor-version":[{"id":11391,"href":"https:\/\/plusstand.com\/de\/wp-json\/wp\/v2\/pages\/11389\/revisions\/11391"}],"wp:attachment":[{"href":"https:\/\/plusstand.com\/de\/wp-json\/wp\/v2\/media?parent=11389"}],"curies":[{"name":"wp","href":"https:\/\/api.w.org\/{rel}","templated":true}]}}